{"id":1439,"date":"2025-04-05T20:08:02","date_gmt":"2025-04-05T20:08:02","guid":{"rendered":"https:\/\/saatall.com\/seramik-dolgu\/"},"modified":"2025-06-13T18:22:11","modified_gmt":"2025-06-13T18:22:11","slug":"keramikaqo-pherdipen","status":"publish","type":"page","link":"https:\/\/frigdent.com\/ro\/keramikaqo-pherdipen\/","title":{"rendered":"Keramikaqo pherdipen"},"content":{"rendered":"\t\t<div data-elementor-type=\"wp-page\" data-elementor-id=\"1439\" class=\"elementor elementor-1439\" data-elementor-post-type=\"page\">\n\t\t\t\t<div class=\"elementor-element elementor-element-04a3750 e-flex e-con-boxed e-con e-parent\" data-id=\"04a3750\" data-element_type=\"container\" data-e-type=\"container\" data-settings=\"{&quot;background_background&quot;:&quot;classic&quot;}\">\n\t\t\t\t\t<div class=\"e-con-inner\">\n\t\t\t\t\t<\/div>\n\t\t\t\t<\/div>\n\t\t<div class=\"elementor-element elementor-element-e289b19 e-flex e-con-boxed e-con e-parent\" data-id=\"e289b19\" data-element_type=\"container\" data-e-type=\"container\">\n\t\t\t\t\t<div class=\"e-con-inner\">\n\t\t<div class=\"elementor-element elementor-element-7b11973 e-con-full e-flex e-con e-child\" data-id=\"7b11973\" data-element_type=\"container\" data-e-type=\"container\">\n\t\t\t\t<div class=\"elementor-element elementor-element-19f1c90 elementor-widget elementor-widget-image\" data-id=\"19f1c90\" data-element_type=\"widget\" data-e-type=\"widget\" data-widget_type=\"image.default\">\n\t\t\t\t<div class=\"elementor-widget-container\">\n\t\t\t\t\t\t\t\t\t\t\t\t\t\t\t<img fetchpriority=\"high\" decoding=\"async\" width=\"800\" height=\"450\" src=\"https:\/\/frigdent.com\/wp-content\/uploads\/2025\/03\/estetik-dis-hekimligi-y-2048x1152-1-1024x576.webp\" class=\"attachment-large size-large wp-image-224\" alt=\"\" srcset=\"https:\/\/frigdent.com\/wp-content\/uploads\/2025\/03\/estetik-dis-hekimligi-y-2048x1152-1-1024x576.webp 1024w, https:\/\/frigdent.com\/wp-content\/uploads\/2025\/03\/estetik-dis-hekimligi-y-2048x1152-1-300x169.webp 300w, https:\/\/frigdent.com\/wp-content\/uploads\/2025\/03\/estetik-dis-hekimligi-y-2048x1152-1-768x432.webp 768w, https:\/\/frigdent.com\/wp-content\/uploads\/2025\/03\/estetik-dis-hekimligi-y-2048x1152-1-1536x864.webp 1536w, https:\/\/frigdent.com\/wp-content\/uploads\/2025\/03\/estetik-dis-hekimligi-y-2048x1152-1.webp 2048w\" sizes=\"(max-width: 800px) 100vw, 800px\" \/>\t\t\t\t\t\t\t\t\t\t\t\t\t\t\t<\/div>\n\t\t\t\t<\/div>\n\t\t\t\t<div class=\"elementor-element elementor-element-987b45f elementor-widget elementor-widget-text-editor\" data-id=\"987b45f\" data-element_type=\"widget\" data-e-type=\"widget\" data-widget_type=\"text-editor.default\">\n\t\t\t\t<div class=\"elementor-widget-container\">\n\t\t\t\t\t\t\t\t\t<p>Keramikane pherdimata si estetikane pherdipaske materijalura save si hasnime te la\u0107haren e \u0107orre, phagerde vaj phagerde thana e dandenqe. E keramikane pherdimata den jekh estetikano dikhipe soske von malaven pes e naturalno kolorosa e dandengo.<\/p>\n<p><b>Save si e procesura te pherel pes e keramika?<\/b><\/p>\n<p><b>O proceso e pherdipnasko e keramikaqo obi\u010dno in\u0107arel kadala pa\u015ba:<\/b><\/p>\n<p>Preparacia: O dentisto thovel thaj gatisarel o than e dandengo savo si phabardo vaj phagerdo. O purano pherdo vaj o \u0107ordo materi\u00e0lo si \u0107hudino thaj o dand si kerdo sar trubul.<\/p>\n<p>Meripe: O dentisto lel jekh meripe e gatisardo dandengo than thaj bi\u010dhalel les ko dentalno laboratori. Kathe, kerel pes jekh specialo keramikaqo pherdipen savo si la\u0107ho va\u015b e dandenqi struktura e nasvale manu\u015besqi.<\/p>\n<p>Temporarno pherdipe: Ano proceso e keramikane pherdipasko, jekh temporarno pherdipe si thodino ko dand e nasvalesko. Akava temporarno pherdipe arakhel e senzitivne thana e dandenge thaj del jekh estetikano dikhipe.<\/p>\n<p>Thov: Kana o keramikaqo pherdipe avel palpale katar o dentalno labor\u00e0torio, o dentisto thovel kadava pherdipen pe e nasvalesqo dand. O pherdipe e keramikako si kerdo specialno te shaj te pashol e dandenca thaj si phanglo e dandenca e adhezivenca.<\/p>\n<p>E keramikane pherdimata den jekh estetikano dikhipe, sar vi te oven dureder thaj but vrama. Pa\u0161e odova, sar so o keramikano materi\u00e0lo adaptisarel pes e dandenqe thaj imitisarel i naturalo dandenqi struktura, o pherdipen si reslo an\u03b8-o dikhipen e estetikaqo thaj e funkcionalitetosqo.<\/p>\n<p><b>Save si e avantazhura e keramikane pherdipnaske?<\/b><\/p>\n<p><b>E avantazhura katar e keramikane pherdimata shaj te aven:<\/b><\/p>\n<p>Ov del jekh estetikano dikhipe soske adaptirinel pes e dandengo kolori.<\/p>\n<p>Si dur thaj lungo trajo.<\/p>\n<p>O keramikano materi\u00e0lo adaptisarel pes e dandenqe thaj imitisarel i naturalo dandenqi struktura.<\/p>\n<p>Trubul minimalno formiribe e dandengo te la\u010dharel pes o phagipe.<\/p>\n<p>O proceso e pherdipnasko e keramikaqo kerel o dentisto thaj \u015baj te avel kerdo an\u03b8-i jekh vizita. Dentalno gri\u017aa thaj regularno dentalno thovipe a\u017autil te vazdel pes o dur\u01ceripen thaj o lungo \u017aivdipen e keramikane pherdipnasko.<\/p>\t\t\t\t\t\t\t\t<\/div>\n\t\t\t\t<\/div>\n\t\t\t\t<\/div>\n\t\t<div class=\"elementor-element elementor-element-e75ce8c e-con-full e-flex e-con e-child\" data-id=\"e75ce8c\" data-element_type=\"container\" data-e-type=\"container\">\n\t\t<div class=\"elementor-element elementor-element-d39d2f8 e-con-full e-flex e-con e-child\" data-id=\"d39d2f8\" data-element_type=\"container\" data-e-type=\"container\" data-settings=\"{&quot;background_background&quot;:&quot;classic&quot;}\">\n\t\t\t\t<div class=\"elementor-element elementor-element-0f1723e elementor-widget__width-initial elementor-widget elementor-widget-heading\" data-id=\"0f1723e\" data-element_type=\"widget\" data-e-type=\"widget\" data-widget_type=\"heading.default\">\n\t\t\t\t<div class=\"elementor-widget-container\">\n\t\t\t\t\t<h2 class=\"elementor-heading-title elementor-size-default\">Konsultisaren jekhe ekspertos<\/h2>\t\t\t\t<\/div>\n\t\t\t\t<\/div>\n\t\t\t\t<div class=\"elementor-element elementor-element-f136965 elementor-button-align-stretch elementor-widget elementor-widget-form\" data-id=\"f136965\" data-element_type=\"widget\" data-e-type=\"widget\" data-settings=\"{&quot;step_next_label&quot;:&quot;Next&quot;,&quot;step_previous_label&quot;:&quot;Previous&quot;,&quot;button_width&quot;:&quot;100&quot;,&quot;step_type&quot;:&quot;number_text&quot;,&quot;step_icon_shape&quot;:&quot;circle&quot;}\" data-widget_type=\"form.default\">\n\t\t\t\t<div class=\"elementor-widget-container\">\n\t\t\t\t\t\t\t<form class=\"elementor-form\" method=\"post\" name=\"New Form\" aria-label=\"New Form\">\n\t\t\t<input type=\"hidden\" name=\"post_id\" value=\"1439\"\/>\n\t\t\t<input type=\"hidden\" name=\"form_id\" value=\"f136965\"\/>\n\t\t\t<input type=\"hidden\" name=\"referer_title\" value=\"\" \/>\n\n\t\t\t\n\t\t\t<div class=\"elementor-form-fields-wrapper elementor-labels-above\">\n\t\t\t\t\t\t\t\t<div class=\"elementor-field-type-text elementor-field-group elementor-column elementor-field-group-name elementor-col-100\">\n\t\t\t\t\t\t\t\t\t\t\t\t\t<input size=\"1\" type=\"text\" name=\"form_fields[name]\" id=\"form-field-name\" class=\"elementor-field elementor-size-sm  elementor-field-textual\" placeholder=\"Tumaro anav thaj familijako anav\">\n\t\t\t\t\t\t\t\t\t\t\t<\/div>\n\t\t\t\t\t\t\t\t<div class=\"elementor-field-type-tel elementor-field-group elementor-column elementor-field-group-email elementor-col-100 elementor-field-required\">\n\t\t\t\t\t\t\t<input size=\"1\" type=\"tel\" name=\"form_fields[email]\" id=\"form-field-email\" class=\"elementor-field elementor-size-sm  elementor-field-textual\" placeholder=\"Tumaro telefonosko gin\" required=\"required\" pattern=\"[0-9()#&amp;+*-=.]+\" title=\"Only numbers and phone characters (#, -, *, etc) are accepted.\">\n\n\t\t\t\t\t\t<\/div>\n\t\t\t\t\t\t\t\t<div class=\"elementor-field-type-textarea elementor-field-group elementor-column elementor-field-group-message elementor-col-100\">\n\t\t\t\t\t<textarea class=\"elementor-field-textual elementor-field  elementor-size-sm\" name=\"form_fields[message]\" id=\"form-field-message\" rows=\"4\" placeholder=\"Tumaro mesa\u017eo\"><\/textarea>\t\t\t\t<\/div>\n\t\t\t\t\t\t\t\t<div class=\"elementor-field-group elementor-column elementor-field-type-submit elementor-col-100 e-form__buttons\">\n\t\t\t\t\t<button class=\"elementor-button elementor-size-sm\" type=\"submit\">\n\t\t\t\t\t\t<span class=\"elementor-button-content-wrapper\">\n\t\t\t\t\t\t\t\t\t\t\t\t\t\t\t\t\t\t\t\t\t\t<span class=\"elementor-button-text\">Bi\u0107hal o formularo<\/span>\n\t\t\t\t\t\t\t\t\t\t\t\t\t<\/span>\n\t\t\t\t\t<\/button>\n\t\t\t\t<\/div>\n\t\t\t<\/div>\n\t\t<\/form>\n\t\t\t\t\t\t<\/div>\n\t\t\t\t<\/div>\n\t\t\t\t<\/div>\n\t\t<div class=\"elementor-element elementor-element-3953f07 e-con-full e-flex e-con e-child\" data-id=\"3953f07\" data-element_type=\"container\" data-e-type=\"container\" data-settings=\"{&quot;background_background&quot;:&quot;classic&quot;}\">\n\t\t\t\t<div class=\"elementor-element elementor-element-c1d4f00 elementor-align-justify elementor-widget elementor-widget-button\" data-id=\"c1d4f00\" data-element_type=\"widget\" data-e-type=\"widget\" data-widget_type=\"button.default\">\n\t\t\t\t<div class=\"elementor-widget-container\">\n\t\t\t\t\t\t\t\t\t<div class=\"elementor-button-wrapper\">\n\t\t\t\t\t<a class=\"elementor-button elementor-button-link elementor-size-sm elementor-animation-grow\" href=\"https:\/\/frigdent.com\/ro\/estetikani-stomatologia\/\">\n\t\t\t\t\t\t<span class=\"elementor-button-content-wrapper\">\n\t\t\t\t\t\t\t\t\t<span class=\"elementor-button-text\">Estetikani Stomatologia<\/span>\n\t\t\t\t\t<\/span>\n\t\t\t\t\t<\/a>\n\t\t\t\t<\/div>\n\t\t\t\t\t\t\t\t<\/div>\n\t\t\t\t<\/div>\n\t\t\t\t<div class=\"elementor-element elementor-element-854b1af elementor-align-justify elementor-widget elementor-widget-button\" data-id=\"854b1af\" data-element_type=\"widget\" data-e-type=\"widget\" data-widget_type=\"button.default\">\n\t\t\t\t<div class=\"elementor-widget-container\">\n\t\t\t\t\t\t\t\t\t<div class=\"elementor-button-wrapper\">\n\t\t\t\t\t<a class=\"elementor-button elementor-button-link elementor-size-sm elementor-animation-grow\" href=\"https:\/\/frigdent.com\/ro\/estetika-e-gumenqi\/\">\n\t\t\t\t\t\t<span class=\"elementor-button-content-wrapper\">\n\t\t\t\t\t\t\t\t\t<span class=\"elementor-button-text\">Estetika e gumenqi<\/span>\n\t\t\t\t\t<\/span>\n\t\t\t\t\t<\/a>\n\t\t\t\t<\/div>\n\t\t\t\t\t\t\t\t<\/div>\n\t\t\t\t<\/div>\n\t\t\t\t<div class=\"elementor-element elementor-element-bc8a37f elementor-align-justify elementor-widget elementor-widget-button\" data-id=\"bc8a37f\" data-element_type=\"widget\" data-e-type=\"widget\" data-widget_type=\"button.default\">\n\t\t\t\t<div class=\"elementor-widget-container\">\n\t\t\t\t\t\t\t\t\t<div class=\"elementor-button-wrapper\">\n\t\t\t\t\t<a class=\"elementor-button elementor-button-link elementor-size-sm elementor-animation-grow\" href=\"https:\/\/frigdent.com\/ro\/dizajno-e-baxtagoresko\/\">\n\t\t\t\t\t\t<span class=\"elementor-button-content-wrapper\">\n\t\t\t\t\t\t\t\t\t<span class=\"elementor-button-text\">Dizajno e baxtagoresko<\/span>\n\t\t\t\t\t<\/span>\n\t\t\t\t\t<\/a>\n\t\t\t\t<\/div>\n\t\t\t\t\t\t\t\t<\/div>\n\t\t\t\t<\/div>\n\t\t\t\t<div class=\"elementor-element elementor-element-ed65dfa elementor-align-justify elementor-widget elementor-widget-button\" data-id=\"ed65dfa\" data-element_type=\"widget\" data-e-type=\"widget\" data-widget_type=\"button.default\">\n\t\t\t\t<div class=\"elementor-widget-container\">\n\t\t\t\t\t\t\t\t\t<div class=\"elementor-button-wrapper\">\n\t\t\t\t\t<a class=\"elementor-button elementor-button-link elementor-size-sm elementor-animation-grow\" href=\"https:\/\/frigdent.com\/ro\/tehnologia-e-pherdipnaski\/\">\n\t\t\t\t\t\t<span class=\"elementor-button-content-wrapper\">\n\t\t\t\t\t\t\t\t\t<span class=\"elementor-button-text\">Tehnologia e pherdipnaski<\/span>\n\t\t\t\t\t<\/span>\n\t\t\t\t\t<\/a>\n\t\t\t\t<\/div>\n\t\t\t\t\t\t\t\t<\/div>\n\t\t\t\t<\/div>\n\t\t\t\t<div class=\"elementor-element elementor-element-db5ecf1 elementor-align-justify elementor-widget elementor-widget-button\" data-id=\"db5ecf1\" data-element_type=\"widget\" data-e-type=\"widget\" data-widget_type=\"button.default\">\n\t\t\t\t<div class=\"elementor-widget-container\">\n\t\t\t\t\t\t\t\t\t<div class=\"elementor-button-wrapper\">\n\t\t\t\t\t<a class=\"elementor-button elementor-button-link elementor-size-sm elementor-animation-grow\" href=\"https:\/\/frigdent.com\/ro\/porcelano-lil\/\">\n\t\t\t\t\t\t<span class=\"elementor-button-content-wrapper\">\n\t\t\t\t\t\t\t\t\t<span class=\"elementor-button-text\">Porcelano lil<\/span>\n\t\t\t\t\t<\/span>\n\t\t\t\t\t<\/a>\n\t\t\t\t<\/div>\n\t\t\t\t\t\t\t\t<\/div>\n\t\t\t\t<\/div>\n\t\t\t\t<div class=\"elementor-element elementor-element-151a564 elementor-align-justify elementor-widget elementor-widget-button\" data-id=\"151a564\" data-element_type=\"widget\" data-e-type=\"widget\" data-widget_type=\"button.default\">\n\t\t\t\t<div class=\"elementor-widget-container\">\n\t\t\t\t\t\t\t\t\t<div class=\"elementor-button-wrapper\">\n\t\t\t\t\t<a class=\"elementor-button elementor-button-link elementor-size-sm elementor-animation-grow\" href=\"https:\/\/frigdent.com\/ro\/keramikaqo-pherdipen\/\">\n\t\t\t\t\t\t<span class=\"elementor-button-content-wrapper\">\n\t\t\t\t\t\t\t\t\t<span class=\"elementor-button-text\">Keramikaqo pherdipen<\/span>\n\t\t\t\t\t<\/span>\n\t\t\t\t\t<\/a>\n\t\t\t\t<\/div>\n\t\t\t\t\t\t\t\t<\/div>\n\t\t\t\t<\/div>\n\t\t\t\t<div class=\"elementor-element elementor-element-3bcc3be elementor-align-justify elementor-widget elementor-widget-button\" data-id=\"3bcc3be\" data-element_type=\"widget\" data-e-type=\"widget\" data-widget_type=\"button.default\">\n\t\t\t\t<div class=\"elementor-widget-container\">\n\t\t\t\t\t\t\t\t\t<div class=\"elementor-button-wrapper\">\n\t\t\t\t\t<a class=\"elementor-button elementor-button-link elementor-size-sm elementor-animation-grow\" href=\"https:\/\/frigdent.com\/ro\/tretmano-e-implantosqo\/\">\n\t\t\t\t\t\t<span class=\"elementor-button-content-wrapper\">\n\t\t\t\t\t\t\t\t\t<span class=\"elementor-button-text\">Tretmano e implantosqo<\/span>\n\t\t\t\t\t<\/span>\n\t\t\t\t\t<\/a>\n\t\t\t\t<\/div>\n\t\t\t\t\t\t\t\t<\/div>\n\t\t\t\t<\/div>\n\t\t\t\t<\/div>\n\t\t\t\t<\/div>\n\t\t\t\t\t<\/div>\n\t\t\t\t<\/div>\n\t\t<div class=\"elementor-element elementor-element-5f72452 e-flex e-con-boxed e-con e-parent\" data-id=\"5f72452\" data-element_type=\"container\" data-e-type=\"container\">\n\t\t\t\t\t<div class=\"e-con-inner\">\n\t\t\t\t<div class=\"elementor-element elementor-element-d78fd60 elementor-widget elementor-widget-spacer\" data-id=\"d78fd60\" data-element_type=\"widget\" data-e-type=\"widget\" data-widget_type=\"spacer.default\">\n\t\t\t\t<div class=\"elementor-widget-container\">\n\t\t\t\t\t\t\t<div class=\"elementor-spacer\">\n\t\t\t<div class=\"elementor-spacer-inner\"><\/div>\n\t\t<\/div>\n\t\t\t\t\t\t<\/div>\n\t\t\t\t<\/div>\n\t\t\t\t\t<\/div>\n\t\t\t\t<\/div>\n\t\t\t\t<\/div>\n\t\t","protected":false},"excerpt":{"rendered":"<p>Keramikane pherdimata si estetikane pherdipaske materijalura save si hasnime te la\u0107haren e \u0107orre, phagerde vaj phagerde thana e dandenqe. E keramikane pherdimata den jekh estetikano dikhipe soske von malaven pes e naturalno kolorosa e dandengo. Save si e procesura te pherel pes e keramika? O proceso e pherdipnasko e keramikaqo obi\u010dno in\u0107arel kadala pa\u015ba: Preparacia: [&hellip;]<\/p>\n","protected":false},"author":1,"featured_media":0,"parent":0,"menu_order":0,"comment_status":"closed","ping_status":"closed","template":"","meta":{"footnotes":""},"class_list":["post-1439","page","type-page","status-publish","hentry"],"_links":{"self":[{"href":"https:\/\/frigdent.com\/ro\/wp-json\/wp\/v2\/pages\/1439","targetHints":{"allow":["GET"]}}],"collection":[{"href":"https:\/\/frigdent.com\/ro\/wp-json\/wp\/v2\/pages"}],"about":[{"href":"https:\/\/frigdent.com\/ro\/wp-json\/wp\/v2\/types\/page"}],"author":[{"embeddable":true,"href":"https:\/\/frigdent.com\/ro\/wp-json\/wp\/v2\/users\/1"}],"replies":[{"embeddable":true,"href":"https:\/\/frigdent.com\/ro\/wp-json\/wp\/v2\/comments?post=1439"}],"version-history":[{"count":6,"href":"https:\/\/frigdent.com\/ro\/wp-json\/wp\/v2\/pages\/1439\/revisions"}],"predecessor-version":[{"id":2994,"href":"https:\/\/frigdent.com\/ro\/wp-json\/wp\/v2\/pages\/1439\/revisions\/2994"}],"wp:attachment":[{"href":"https:\/\/frigdent.com\/ro\/wp-json\/wp\/v2\/media?parent=1439"}],"curies":[{"name":"wp","href":"https:\/\/api.w.org\/{rel}","templated":true}]}}