{"id":1394,"date":"2025-04-07T16:46:16","date_gmt":"2025-04-07T16:46:16","guid":{"rendered":"https:\/\/saatall.com\/cocuk-dis-hekimligi\/"},"modified":"2025-06-13T18:23:11","modified_gmt":"2025-06-13T18:23:11","slug":"pediatrikani-stomatologia","status":"publish","type":"page","link":"https:\/\/frigdent.com\/ro\/pediatrikani-stomatologia\/","title":{"rendered":"Pediatrikani Stomatologia"},"content":{"rendered":"\t\t<div data-elementor-type=\"wp-page\" data-elementor-id=\"1394\" class=\"elementor elementor-1394\" data-elementor-post-type=\"page\">\n\t\t\t\t<div class=\"elementor-element elementor-element-d9be592 e-flex e-con-boxed e-con e-parent\" data-id=\"d9be592\" data-element_type=\"container\" data-e-type=\"container\" data-settings=\"{&quot;background_background&quot;:&quot;classic&quot;}\">\n\t\t\t\t\t<div class=\"e-con-inner\">\n\t\t\t\t\t<\/div>\n\t\t\t\t<\/div>\n\t\t<div class=\"elementor-element elementor-element-dcc0860 e-flex e-con-boxed e-con e-parent\" data-id=\"dcc0860\" data-element_type=\"container\" data-e-type=\"container\">\n\t\t\t\t\t<div class=\"e-con-inner\">\n\t\t<div class=\"elementor-element elementor-element-388b698 e-con-full e-flex e-con e-child\" data-id=\"388b698\" data-element_type=\"container\" data-e-type=\"container\">\n\t\t\t\t<div class=\"elementor-element elementor-element-e26a9a0 elementor-widget elementor-widget-image\" data-id=\"e26a9a0\" data-element_type=\"widget\" data-e-type=\"widget\" data-widget_type=\"image.default\">\n\t\t\t\t<div class=\"elementor-widget-container\">\n\t\t\t\t\t\t\t\t\t\t\t\t\t\t\t<img fetchpriority=\"high\" decoding=\"async\" width=\"800\" height=\"450\" src=\"https:\/\/frigdent.com\/wp-content\/uploads\/2025\/04\/cocuk-dis-hekimligi-scaled-y-2048x1152-1-1024x576.webp\" class=\"attachment-large size-large wp-image-422\" alt=\"\" srcset=\"https:\/\/frigdent.com\/wp-content\/uploads\/2025\/04\/cocuk-dis-hekimligi-scaled-y-2048x1152-1-1024x576.webp 1024w, https:\/\/frigdent.com\/wp-content\/uploads\/2025\/04\/cocuk-dis-hekimligi-scaled-y-2048x1152-1-300x169.webp 300w, https:\/\/frigdent.com\/wp-content\/uploads\/2025\/04\/cocuk-dis-hekimligi-scaled-y-2048x1152-1-768x432.webp 768w, https:\/\/frigdent.com\/wp-content\/uploads\/2025\/04\/cocuk-dis-hekimligi-scaled-y-2048x1152-1-1536x864.webp 1536w, https:\/\/frigdent.com\/wp-content\/uploads\/2025\/04\/cocuk-dis-hekimligi-scaled-y-2048x1152-1.webp 2048w\" sizes=\"(max-width: 800px) 100vw, 800px\" \/>\t\t\t\t\t\t\t\t\t\t\t\t\t\t\t<\/div>\n\t\t\t\t<\/div>\n\t\t\t\t<div class=\"elementor-element elementor-element-b2eba4d elementor-widget elementor-widget-text-editor\" data-id=\"b2eba4d\" data-element_type=\"widget\" data-e-type=\"widget\" data-widget_type=\"text-editor.default\">\n\t\t\t\t<div class=\"elementor-widget-container\">\n\t\t\t\t\t\t\t\t\t<p>Pedodontia si jekh bran\u0161a e dentistikaki savi kerel fokuso te dikhel e \u010dhavorengo sastipe e dandengo katar o bijandipe d\u017ei ko ternipe. Regularno oralno thaj dentalno sastipasko kontrolo e chavorengo si importantno te sigurinel pes kaj lenge dand ka barjon sar trubul thaj sasto.<\/p>\n<p>Te na dikhel pes o sastipe e dandenqo e \u0107havorrenqo \u015baj te kerel problemur\u0103 ortodontikane save aven maj palal.<\/p>\n<p><b>Sostar si importantno e \u0107havorrenqe dand?<\/b><\/p>\n<p>O sastipe e \u0107havorreske dandenqo si but importanto. Le karie save na si tretirime sar trubul shaj te keren negativno efekto pe barjaripe e permanentno dandengo. I maj bari funkcia e \u0107havorreske dandenqi si te del o la\u0107ho than va\u015b e avutne permanentne dandenqe thaj te \u0107hivel e permanentne dandenqe an\u03b8-i la\u0107hi pozicia, sar vi te \u0107hivel pes. Akaja funkcia vi suportirinel o sasto barjaripe e \u010dhavorengo kokala thaj muskuli. Pa\u0161e odova, o barjaripe e dandenqo \u015baj te afektisarel vi e \u0107havorrenqe lav\u01ceqe \u0107hib\u0103qe \u0107hib\u0103qe. O xasaripe e \u0107havorreske dandenqo save agorisarde pengo barjaripe thaj o barjaripe e permanentne dandenqo astarel pes kana si 6-7 ber\u015ba thaj agoril pes kana si 10-13 ber\u015ba. Akava stadiumo obi\u010dno na inkludil e dand e gojake, save barjon ko phuripe ja vi maj palal.<\/p>\n<p><b>Preventivno Stomatologikane Praktike<\/b><\/p>\n<p>E preventivne praktike si len o ciljo te vazden o d\u017eanglipe ma\u0161kar e \u010dhave thaj e dada thaj e daja vash o regularno thovipe e dandengo thaj o xabe. Te thoves e \u0107havorrenqe o \u0107a\u0107imos te thoven pire danden maj c\u00efra duvar an\u03b8-o dives thaj te na xas but thud si jekh la\u0107ho starto.<\/p>\n<p>E maj but arakhle ma\u0161kar e preventivne praktike si e fisurakere phanglipa thaj e aplikacie e fluoridoske. E fissure sealants a\u017autil te na penetririnen e bakterie kana phanden e fissure (grooves) pe o \u0107hivipen e dandenqo save si \u015bajde te xasaren pes. E fluoride aplikacie, save si butivar hasnime vash protekcia mamuj o nasvalipe, si len o ciljo te zuraren o emaljo e dandengo.<\/p>\n<p><b>Dandengo pharipe<\/b><\/p>\n<p>O nasvalipe e dandengo, vi pind\u017eardo sar karies e \u010dhavorengo, si jekh problemo savo si butivar ande \u010dhavorengi vrama. Dikhel pes butivar ko terne \u010dhave sar rezultato e \u0161ukar habesko so del pes e \u010dhavoreske ano \u010dhavorengo \u010daro kana sovel.<\/p>\n<p><b>Aplik\u00e0cie va\u015b o arakhipen e thanesqo<\/b><\/p>\n<p>Te arakhel pes e \u0107havorreske danden, te sastiarel pes e kavitetura, thaj te arakhel pes o than e xasarde dandenqo kana xasarel pes maj anglal e \u0107havorreske dandenqe si but importanto va\u015b e permanentne dand te aven \u0107hudine mi\u015bto an\u03b8-o muj. Ano gasave thana, o than e \u0107havorreske dandenqo save xasarde pes maj anglal si garavdo e fixno ja se \u0107hinavde thaneske arakhipnaske.<\/p>\n<p><b>Kana trubul te vizitisares e \u0107havorrenqo dentisto?<\/b><\/p>\n<p>Si rekomenduime te ingren pes e \u0107have ko dandengo doktori duvar ano ber\u015b, astarindoj katar o ber\u015b jekh ber\u015b. O barjaripe e malokluzienqo an\u03b8-e \u0107have \u015baj te avel maj anglal an\u03b8-e ber\u015ba 2. Te aves informisardo pal-e faktora save daraven o sastipen e dandenqo thaj e \u015beresqo an\u03b8-i jekh tikni vr\u00e0ma \u015baj te avel la\u0107ho te na avel tut tretmano e dandenqo an\u03b8-o phuripe.<\/p>\t\t\t\t\t\t\t\t<\/div>\n\t\t\t\t<\/div>\n\t\t\t\t<\/div>\n\t\t<div class=\"elementor-element elementor-element-94cd338 e-con-full e-flex e-con e-child\" data-id=\"94cd338\" data-element_type=\"container\" data-e-type=\"container\">\n\t\t<div class=\"elementor-element elementor-element-eb97dbd e-con-full e-flex e-con e-child\" data-id=\"eb97dbd\" data-element_type=\"container\" data-e-type=\"container\" data-settings=\"{&quot;background_background&quot;:&quot;classic&quot;}\">\n\t\t\t\t<div class=\"elementor-element elementor-element-a51ba89 elementor-widget__width-initial elementor-widget elementor-widget-heading\" data-id=\"a51ba89\" data-element_type=\"widget\" data-e-type=\"widget\" data-widget_type=\"heading.default\">\n\t\t\t\t<div class=\"elementor-widget-container\">\n\t\t\t\t\t<h2 class=\"elementor-heading-title elementor-size-default\">Konsultisaren jekhe ekspertos<\/h2>\t\t\t\t<\/div>\n\t\t\t\t<\/div>\n\t\t\t\t<div class=\"elementor-element elementor-element-f048257 elementor-button-align-stretch elementor-widget elementor-widget-form\" data-id=\"f048257\" data-element_type=\"widget\" data-e-type=\"widget\" data-settings=\"{&quot;step_next_label&quot;:&quot;Next&quot;,&quot;step_previous_label&quot;:&quot;Previous&quot;,&quot;button_width&quot;:&quot;100&quot;,&quot;step_type&quot;:&quot;number_text&quot;,&quot;step_icon_shape&quot;:&quot;circle&quot;}\" data-widget_type=\"form.default\">\n\t\t\t\t<div class=\"elementor-widget-container\">\n\t\t\t\t\t\t\t<form class=\"elementor-form\" method=\"post\" name=\"New Form\" aria-label=\"New Form\">\n\t\t\t<input type=\"hidden\" name=\"post_id\" value=\"1394\"\/>\n\t\t\t<input type=\"hidden\" name=\"form_id\" value=\"f048257\"\/>\n\t\t\t<input type=\"hidden\" name=\"referer_title\" value=\"\" \/>\n\n\t\t\t\n\t\t\t<div class=\"elementor-form-fields-wrapper elementor-labels-above\">\n\t\t\t\t\t\t\t\t<div class=\"elementor-field-type-text elementor-field-group elementor-column elementor-field-group-name elementor-col-100\">\n\t\t\t\t\t\t\t\t\t\t\t\t\t<input size=\"1\" type=\"text\" name=\"form_fields[name]\" id=\"form-field-name\" class=\"elementor-field elementor-size-sm  elementor-field-textual\" placeholder=\"Tumaro anav thaj familijako anav\">\n\t\t\t\t\t\t\t\t\t\t\t<\/div>\n\t\t\t\t\t\t\t\t<div class=\"elementor-field-type-tel elementor-field-group elementor-column elementor-field-group-email elementor-col-100 elementor-field-required\">\n\t\t\t\t\t\t\t<input size=\"1\" type=\"tel\" name=\"form_fields[email]\" id=\"form-field-email\" class=\"elementor-field elementor-size-sm  elementor-field-textual\" placeholder=\"Tumaro telefonosko gin\" required=\"required\" pattern=\"[0-9()#&amp;+*-=.]+\" title=\"Only numbers and phone characters (#, -, *, etc) are accepted.\">\n\n\t\t\t\t\t\t<\/div>\n\t\t\t\t\t\t\t\t<div class=\"elementor-field-type-textarea elementor-field-group elementor-column elementor-field-group-message elementor-col-100\">\n\t\t\t\t\t<textarea class=\"elementor-field-textual elementor-field  elementor-size-sm\" name=\"form_fields[message]\" id=\"form-field-message\" rows=\"4\" placeholder=\"Tumaro mesa\u017eo\"><\/textarea>\t\t\t\t<\/div>\n\t\t\t\t\t\t\t\t<div class=\"elementor-field-group elementor-column elementor-field-type-submit elementor-col-100 e-form__buttons\">\n\t\t\t\t\t<button class=\"elementor-button elementor-size-sm\" type=\"submit\">\n\t\t\t\t\t\t<span class=\"elementor-button-content-wrapper\">\n\t\t\t\t\t\t\t\t\t\t\t\t\t\t\t\t\t\t\t\t\t\t<span class=\"elementor-button-text\">Bi\u0107hal o formularo<\/span>\n\t\t\t\t\t\t\t\t\t\t\t\t\t<\/span>\n\t\t\t\t\t<\/button>\n\t\t\t\t<\/div>\n\t\t\t<\/div>\n\t\t<\/form>\n\t\t\t\t\t\t<\/div>\n\t\t\t\t<\/div>\n\t\t\t\t<\/div>\n\t\t<div class=\"elementor-element elementor-element-bda9730 e-con-full e-flex e-con e-child\" data-id=\"bda9730\" data-element_type=\"container\" data-e-type=\"container\" data-settings=\"{&quot;background_background&quot;:&quot;classic&quot;}\">\n\t\t\t\t<div class=\"elementor-element elementor-element-a7eaf4f elementor-align-justify elementor-widget elementor-widget-button\" data-id=\"a7eaf4f\" data-element_type=\"widget\" data-e-type=\"widget\" data-widget_type=\"button.default\">\n\t\t\t\t<div class=\"elementor-widget-container\">\n\t\t\t\t\t\t\t\t\t<div class=\"elementor-button-wrapper\">\n\t\t\t\t\t<a class=\"elementor-button elementor-button-link elementor-size-sm elementor-animation-grow\" href=\"https:\/\/frigdent.com\/ro\/estetikani-stomatologia\/\">\n\t\t\t\t\t\t<span class=\"elementor-button-content-wrapper\">\n\t\t\t\t\t\t\t\t\t<span class=\"elementor-button-text\">Estetikani Stomatologia<\/span>\n\t\t\t\t\t<\/span>\n\t\t\t\t\t<\/a>\n\t\t\t\t<\/div>\n\t\t\t\t\t\t\t\t<\/div>\n\t\t\t\t<\/div>\n\t\t\t\t<div class=\"elementor-element elementor-element-37ae805 elementor-align-justify elementor-widget elementor-widget-button\" data-id=\"37ae805\" data-element_type=\"widget\" data-e-type=\"widget\" data-widget_type=\"button.default\">\n\t\t\t\t<div class=\"elementor-widget-container\">\n\t\t\t\t\t\t\t\t\t<div class=\"elementor-button-wrapper\">\n\t\t\t\t\t<a class=\"elementor-button elementor-button-link elementor-size-sm elementor-animation-grow\" href=\"https:\/\/frigdent.com\/ro\/estetika-e-gumenqi\/\">\n\t\t\t\t\t\t<span class=\"elementor-button-content-wrapper\">\n\t\t\t\t\t\t\t\t\t<span class=\"elementor-button-text\">Estetika e gumenqi<\/span>\n\t\t\t\t\t<\/span>\n\t\t\t\t\t<\/a>\n\t\t\t\t<\/div>\n\t\t\t\t\t\t\t\t<\/div>\n\t\t\t\t<\/div>\n\t\t\t\t<div class=\"elementor-element elementor-element-c91f02b elementor-align-justify elementor-widget elementor-widget-button\" data-id=\"c91f02b\" data-element_type=\"widget\" data-e-type=\"widget\" data-widget_type=\"button.default\">\n\t\t\t\t<div class=\"elementor-widget-container\">\n\t\t\t\t\t\t\t\t\t<div class=\"elementor-button-wrapper\">\n\t\t\t\t\t<a class=\"elementor-button elementor-button-link elementor-size-sm elementor-animation-grow\" href=\"https:\/\/frigdent.com\/ro\/dizajno-e-baxtagoresko\/\">\n\t\t\t\t\t\t<span class=\"elementor-button-content-wrapper\">\n\t\t\t\t\t\t\t\t\t<span class=\"elementor-button-text\">Dizajno e baxtagoresko<\/span>\n\t\t\t\t\t<\/span>\n\t\t\t\t\t<\/a>\n\t\t\t\t<\/div>\n\t\t\t\t\t\t\t\t<\/div>\n\t\t\t\t<\/div>\n\t\t\t\t<div class=\"elementor-element elementor-element-25a689b elementor-align-justify elementor-widget elementor-widget-button\" data-id=\"25a689b\" data-element_type=\"widget\" data-e-type=\"widget\" data-widget_type=\"button.default\">\n\t\t\t\t<div class=\"elementor-widget-container\">\n\t\t\t\t\t\t\t\t\t<div class=\"elementor-button-wrapper\">\n\t\t\t\t\t<a class=\"elementor-button elementor-button-link elementor-size-sm elementor-animation-grow\" href=\"https:\/\/frigdent.com\/ro\/tehnologia-e-pherdipnaski\/\">\n\t\t\t\t\t\t<span class=\"elementor-button-content-wrapper\">\n\t\t\t\t\t\t\t\t\t<span class=\"elementor-button-text\">Tehnologia e pherdipnaski<\/span>\n\t\t\t\t\t<\/span>\n\t\t\t\t\t<\/a>\n\t\t\t\t<\/div>\n\t\t\t\t\t\t\t\t<\/div>\n\t\t\t\t<\/div>\n\t\t\t\t<div class=\"elementor-element elementor-element-fbd4f22 elementor-align-justify elementor-widget elementor-widget-button\" data-id=\"fbd4f22\" data-element_type=\"widget\" data-e-type=\"widget\" data-widget_type=\"button.default\">\n\t\t\t\t<div class=\"elementor-widget-container\">\n\t\t\t\t\t\t\t\t\t<div class=\"elementor-button-wrapper\">\n\t\t\t\t\t<a class=\"elementor-button elementor-button-link elementor-size-sm elementor-animation-grow\" href=\"https:\/\/frigdent.com\/ro\/porcelano-lil\/\">\n\t\t\t\t\t\t<span class=\"elementor-button-content-wrapper\">\n\t\t\t\t\t\t\t\t\t<span class=\"elementor-button-text\">Porcelano lil<\/span>\n\t\t\t\t\t<\/span>\n\t\t\t\t\t<\/a>\n\t\t\t\t<\/div>\n\t\t\t\t\t\t\t\t<\/div>\n\t\t\t\t<\/div>\n\t\t\t\t<div class=\"elementor-element elementor-element-f77dd65 elementor-align-justify elementor-widget elementor-widget-button\" data-id=\"f77dd65\" data-element_type=\"widget\" data-e-type=\"widget\" data-widget_type=\"button.default\">\n\t\t\t\t<div class=\"elementor-widget-container\">\n\t\t\t\t\t\t\t\t\t<div class=\"elementor-button-wrapper\">\n\t\t\t\t\t<a class=\"elementor-button elementor-button-link elementor-size-sm elementor-animation-grow\" href=\"https:\/\/frigdent.com\/ro\/keramikaqo-pherdipen\/\">\n\t\t\t\t\t\t<span class=\"elementor-button-content-wrapper\">\n\t\t\t\t\t\t\t\t\t<span class=\"elementor-button-text\">Keramikaqo pherdipen<\/span>\n\t\t\t\t\t<\/span>\n\t\t\t\t\t<\/a>\n\t\t\t\t<\/div>\n\t\t\t\t\t\t\t\t<\/div>\n\t\t\t\t<\/div>\n\t\t\t\t<div class=\"elementor-element elementor-element-0b51500 elementor-align-justify elementor-widget elementor-widget-button\" data-id=\"0b51500\" data-element_type=\"widget\" data-e-type=\"widget\" data-widget_type=\"button.default\">\n\t\t\t\t<div class=\"elementor-widget-container\">\n\t\t\t\t\t\t\t\t\t<div class=\"elementor-button-wrapper\">\n\t\t\t\t\t<a class=\"elementor-button elementor-button-link elementor-size-sm elementor-animation-grow\" href=\"https:\/\/frigdent.com\/ro\/tretmano-e-implantosqo\/\">\n\t\t\t\t\t\t<span class=\"elementor-button-content-wrapper\">\n\t\t\t\t\t\t\t\t\t<span class=\"elementor-button-text\">Tretmano e implantosqo<\/span>\n\t\t\t\t\t<\/span>\n\t\t\t\t\t<\/a>\n\t\t\t\t<\/div>\n\t\t\t\t\t\t\t\t<\/div>\n\t\t\t\t<\/div>\n\t\t\t\t<\/div>\n\t\t\t\t<\/div>\n\t\t\t\t\t<\/div>\n\t\t\t\t<\/div>\n\t\t<div class=\"elementor-element elementor-element-aec7cb8 e-flex e-con-boxed e-con e-parent\" data-id=\"aec7cb8\" data-element_type=\"container\" data-e-type=\"container\">\n\t\t\t\t\t<div class=\"e-con-inner\">\n\t\t\t\t<div class=\"elementor-element elementor-element-ebb8311 elementor-widget elementor-widget-spacer\" data-id=\"ebb8311\" data-element_type=\"widget\" data-e-type=\"widget\" data-widget_type=\"spacer.default\">\n\t\t\t\t<div class=\"elementor-widget-container\">\n\t\t\t\t\t\t\t<div class=\"elementor-spacer\">\n\t\t\t<div class=\"elementor-spacer-inner\"><\/div>\n\t\t<\/div>\n\t\t\t\t\t\t<\/div>\n\t\t\t\t<\/div>\n\t\t\t\t\t<\/div>\n\t\t\t\t<\/div>\n\t\t\t\t<\/div>\n\t\t","protected":false},"excerpt":{"rendered":"<p>Pedodontia si jekh bran\u0161a e dentistikaki savi kerel fokuso te dikhel e \u010dhavorengo sastipe e dandengo katar o bijandipe d\u017ei ko ternipe. Regularno oralno thaj dentalno sastipasko kontrolo e chavorengo si importantno te sigurinel pes kaj lenge dand ka barjon sar trubul thaj sasto. Te na dikhel pes o sastipe e dandenqo e \u0107havorrenqo \u015baj [&hellip;]<\/p>\n","protected":false},"author":1,"featured_media":0,"parent":0,"menu_order":0,"comment_status":"closed","ping_status":"closed","template":"","meta":{"footnotes":""},"class_list":["post-1394","page","type-page","status-publish","hentry"],"_links":{"self":[{"href":"https:\/\/frigdent.com\/ro\/wp-json\/wp\/v2\/pages\/1394","targetHints":{"allow":["GET"]}}],"collection":[{"href":"https:\/\/frigdent.com\/ro\/wp-json\/wp\/v2\/pages"}],"about":[{"href":"https:\/\/frigdent.com\/ro\/wp-json\/wp\/v2\/types\/page"}],"author":[{"embeddable":true,"href":"https:\/\/frigdent.com\/ro\/wp-json\/wp\/v2\/users\/1"}],"replies":[{"embeddable":true,"href":"https:\/\/frigdent.com\/ro\/wp-json\/wp\/v2\/comments?post=1394"}],"version-history":[{"count":6,"href":"https:\/\/frigdent.com\/ro\/wp-json\/wp\/v2\/pages\/1394\/revisions"}],"predecessor-version":[{"id":3018,"href":"https:\/\/frigdent.com\/ro\/wp-json\/wp\/v2\/pages\/1394\/revisions\/3018"}],"wp:attachment":[{"href":"https:\/\/frigdent.com\/ro\/wp-json\/wp\/v2\/media?parent=1394"}],"curies":[{"name":"wp","href":"https:\/\/api.w.org\/{rel}","templated":true}]}}