{"id":2499,"date":"2025-04-05T20:08:02","date_gmt":"2025-04-05T20:08:02","guid":{"rendered":"https:\/\/frigdent.com\/seramik-dolgu\/"},"modified":"2025-06-13T17:32:27","modified_gmt":"2025-06-13T17:32:27","slug":"obturation-en-ceramique","status":"publish","type":"page","link":"https:\/\/frigdent.com\/fr\/obturation-en-ceramique\/","title":{"rendered":"Obturation en c\u00e9ramique"},"content":{"rendered":"\t\t<div data-elementor-type=\"wp-page\" data-elementor-id=\"2499\" class=\"elementor elementor-2499\" data-elementor-post-type=\"page\">\n\t\t\t\t<div class=\"elementor-element elementor-element-04a3750 e-flex e-con-boxed e-con e-parent\" data-id=\"04a3750\" data-element_type=\"container\" data-e-type=\"container\" data-settings=\"{&quot;background_background&quot;:&quot;classic&quot;}\">\n\t\t\t\t\t<div class=\"e-con-inner\">\n\t\t\t\t\t<\/div>\n\t\t\t\t<\/div>\n\t\t<div class=\"elementor-element elementor-element-e289b19 e-flex e-con-boxed e-con e-parent\" data-id=\"e289b19\" data-element_type=\"container\" data-e-type=\"container\">\n\t\t\t\t\t<div class=\"e-con-inner\">\n\t\t<div class=\"elementor-element elementor-element-7b11973 e-con-full e-flex e-con e-child\" data-id=\"7b11973\" data-element_type=\"container\" data-e-type=\"container\">\n\t\t\t\t<div class=\"elementor-element elementor-element-19f1c90 elementor-widget elementor-widget-image\" data-id=\"19f1c90\" data-element_type=\"widget\" data-e-type=\"widget\" data-widget_type=\"image.default\">\n\t\t\t\t<div class=\"elementor-widget-container\">\n\t\t\t\t\t\t\t\t\t\t\t\t\t\t\t<img fetchpriority=\"high\" decoding=\"async\" width=\"800\" height=\"450\" src=\"https:\/\/frigdent.com\/wp-content\/uploads\/2025\/03\/estetik-dis-hekimligi-y-2048x1152-1-1024x576.webp\" class=\"attachment-large size-large wp-image-224\" alt=\"\" srcset=\"https:\/\/frigdent.com\/wp-content\/uploads\/2025\/03\/estetik-dis-hekimligi-y-2048x1152-1-1024x576.webp 1024w, https:\/\/frigdent.com\/wp-content\/uploads\/2025\/03\/estetik-dis-hekimligi-y-2048x1152-1-300x169.webp 300w, https:\/\/frigdent.com\/wp-content\/uploads\/2025\/03\/estetik-dis-hekimligi-y-2048x1152-1-768x432.webp 768w, https:\/\/frigdent.com\/wp-content\/uploads\/2025\/03\/estetik-dis-hekimligi-y-2048x1152-1-1536x864.webp 1536w, https:\/\/frigdent.com\/wp-content\/uploads\/2025\/03\/estetik-dis-hekimligi-y-2048x1152-1.webp 2048w\" sizes=\"(max-width: 800px) 100vw, 800px\" \/>\t\t\t\t\t\t\t\t\t\t\t\t\t\t\t<\/div>\n\t\t\t\t<\/div>\n\t\t\t\t<div class=\"elementor-element elementor-element-987b45f elementor-widget elementor-widget-text-editor\" data-id=\"987b45f\" data-element_type=\"widget\" data-e-type=\"widget\" data-widget_type=\"text-editor.default\">\n\t\t\t\t<div class=\"elementor-widget-container\">\n\t\t\t\t\t\t\t\t\t<p>Les obturations en c\u00e9ramique sont des mat\u00e9riaux d&rsquo;obturation esth\u00e9tiques utilis\u00e9s pour r\u00e9parer les zones cari\u00e9es, cass\u00e9es ou endommag\u00e9es des dents. Elles offrent un aspect esth\u00e9tique gr\u00e2ce \u00e0 leur couleur naturelle.<\/p>\n<p><b>Quels sont les proc\u00e9d\u00e9s d&rsquo;obturation en c\u00e9ramique&nbsp;?<\/b><\/p>\n<p><b>Le proc\u00e9d\u00e9 d&rsquo;obturation en c\u00e9ramique comprend g\u00e9n\u00e9ralement les \u00e9tapes suivantes&nbsp;:<\/b><\/p>\n<p><b>Pr\u00e9paration&nbsp;: <\/b>Le dentiste nettoie et pr\u00e9pare la zone cari\u00e9e ou endommag\u00e9e. L&rsquo;ancienne obturation ou le mat\u00e9riau cari\u00e9 est retir\u00e9 et la dent est model\u00e9e de mani\u00e8re appropri\u00e9e.<\/p>\n<p><b>Mesure&nbsp;:<\/b> Le dentiste prend les mesures de la zone pr\u00e9par\u00e9e et les envoie \u00e0 un laboratoire dentaire. Une obturation en c\u00e9ramique sp\u00e9cialement adapt\u00e9e \u00e0 la structure dentaire du patient est alors fabriqu\u00e9e.<\/p>\n<p><b>Obturation temporaire&nbsp;: <\/b>Lors de la fabrication de l&rsquo;obturation en c\u00e9ramique, une obturation temporaire est appliqu\u00e9e sur la dent du patient. Cette obturation temporaire prot\u00e8ge les zones sensibles de la dent et offre un aspect esth\u00e9tique.<\/p>\n<p><b>Pose&nbsp;: <\/b>\u00c0 son retour du laboratoire dentaire, le dentiste place le mat\u00e9riau d&rsquo;obturation sur la dent du patient. L&rsquo;obturation en c\u00e9ramique est sp\u00e9cialement con\u00e7ue pour s&rsquo;adapter \u00e0 la dent et est fix\u00e9e \u00e0 celle-ci \u00e0 l&rsquo;aide d&rsquo;adh\u00e9sifs.<\/p>\n<p>Les obturations en c\u00e9ramique offrent un aspect esth\u00e9tique, tout en \u00e9tant durables et r\u00e9sistantes. De plus, comme la c\u00e9ramique s&rsquo;adapte \u00e0 la dent et imite sa structure naturelle, l&rsquo;obturation est \u00e0 la fois esth\u00e9tique et fonctionnelle.<\/p>\n<p><b>Quels sont les avantages des obturations en c\u00e9ramique&nbsp;?<\/b><\/p>\n<p><b>Les obturations en c\u00e9ramique pr\u00e9sentent les avantages suivants&nbsp;:<\/b><\/p>\n<p>Elles offrent un aspect esth\u00e9tique gr\u00e2ce \u00e0 leur adaptation \u00e0 la couleur de la dent.<\/p>\n<p>Elles sont durables et r\u00e9sistantes.<\/p>\n<p>La c\u00e9ramique s&rsquo;adapte \u00e0 la dent et imite sa structure naturelle.<\/p>\n<p>La r\u00e9paration de la carie n\u00e9cessite un modelage minimal.<\/p>\n<p>La pose d&rsquo;une obturation en c\u00e9ramique est r\u00e9alis\u00e9e par le dentiste et peut g\u00e9n\u00e9ralement \u00eatre r\u00e9alis\u00e9e en une seule visite. Des soins dentaires et des d\u00e9tartrages r\u00e9guliers contribuent \u00e0 augmenter la durabilit\u00e9 et la long\u00e9vit\u00e9 de l&rsquo;obturation en c\u00e9ramique.<\/p>\t\t\t\t\t\t\t\t<\/div>\n\t\t\t\t<\/div>\n\t\t\t\t<\/div>\n\t\t<div class=\"elementor-element elementor-element-e75ce8c e-con-full e-flex e-con e-child\" data-id=\"e75ce8c\" data-element_type=\"container\" data-e-type=\"container\">\n\t\t<div class=\"elementor-element elementor-element-a711c52 e-con-full e-flex e-con e-child\" data-id=\"a711c52\" data-element_type=\"container\" data-e-type=\"container\" data-settings=\"{&quot;background_background&quot;:&quot;classic&quot;}\">\n\t\t\t\t<div class=\"elementor-element elementor-element-9dad0d8 elementor-widget__width-initial elementor-widget elementor-widget-heading\" data-id=\"9dad0d8\" data-element_type=\"widget\" data-e-type=\"widget\" data-widget_type=\"heading.default\">\n\t\t\t\t<div class=\"elementor-widget-container\">\n\t\t\t\t\t<h2 class=\"elementor-heading-title elementor-size-default\">Consultez un expert<\/h2>\t\t\t\t<\/div>\n\t\t\t\t<\/div>\n\t\t\t\t<div class=\"elementor-element elementor-element-e3ba0fb elementor-button-align-stretch elementor-widget elementor-widget-form\" data-id=\"e3ba0fb\" data-element_type=\"widget\" data-e-type=\"widget\" data-settings=\"{&quot;step_next_label&quot;:&quot;Next&quot;,&quot;step_previous_label&quot;:&quot;Previous&quot;,&quot;button_width&quot;:&quot;100&quot;,&quot;step_type&quot;:&quot;number_text&quot;,&quot;step_icon_shape&quot;:&quot;circle&quot;}\" data-widget_type=\"form.default\">\n\t\t\t\t<div class=\"elementor-widget-container\">\n\t\t\t\t\t\t\t<form class=\"elementor-form\" method=\"post\" name=\"New Form\" aria-label=\"New Form\">\n\t\t\t<input type=\"hidden\" name=\"post_id\" value=\"2499\"\/>\n\t\t\t<input type=\"hidden\" name=\"form_id\" value=\"e3ba0fb\"\/>\n\t\t\t<input type=\"hidden\" name=\"referer_title\" value=\"Obturation en c\u00e9ramique - Frigdent\" \/>\n\n\t\t\t\t\t\t\t<input type=\"hidden\" name=\"queried_id\" value=\"2499\"\/>\n\t\t\t\n\t\t\t<div class=\"elementor-form-fields-wrapper elementor-labels-above\">\n\t\t\t\t\t\t\t\t<div class=\"elementor-field-type-text elementor-field-group elementor-column elementor-field-group-name elementor-col-100\">\n\t\t\t\t\t\t\t\t\t\t\t\t\t<input size=\"1\" type=\"text\" name=\"form_fields[name]\" id=\"form-field-name\" class=\"elementor-field elementor-size-sm  elementor-field-textual\" placeholder=\"Votre nom et pr\u00e9nom\">\n\t\t\t\t\t\t\t\t\t\t\t<\/div>\n\t\t\t\t\t\t\t\t<div class=\"elementor-field-type-tel elementor-field-group elementor-column elementor-field-group-email elementor-col-100 elementor-field-required\">\n\t\t\t\t\t\t\t<input size=\"1\" type=\"tel\" name=\"form_fields[email]\" id=\"form-field-email\" class=\"elementor-field elementor-size-sm  elementor-field-textual\" placeholder=\"Votre num\u00e9ro de t\u00e9l\u00e9phone\" required=\"required\" pattern=\"[0-9()#&amp;+*-=.]+\" title=\"Only numbers and phone characters (#, -, *, etc) are accepted.\">\n\n\t\t\t\t\t\t<\/div>\n\t\t\t\t\t\t\t\t<div class=\"elementor-field-type-textarea elementor-field-group elementor-column elementor-field-group-message elementor-col-100\">\n\t\t\t\t\t<textarea class=\"elementor-field-textual elementor-field  elementor-size-sm\" name=\"form_fields[message]\" id=\"form-field-message\" rows=\"4\" placeholder=\"Votre message\"><\/textarea>\t\t\t\t<\/div>\n\t\t\t\t\t\t\t\t<div class=\"elementor-field-group elementor-column elementor-field-type-submit elementor-col-100 e-form__buttons\">\n\t\t\t\t\t<button class=\"elementor-button elementor-size-sm\" type=\"submit\">\n\t\t\t\t\t\t<span class=\"elementor-button-content-wrapper\">\n\t\t\t\t\t\t\t\t\t\t\t\t\t\t\t\t\t\t\t\t\t\t<span class=\"elementor-button-text\">Envoyer le formulaire<\/span>\n\t\t\t\t\t\t\t\t\t\t\t\t\t<\/span>\n\t\t\t\t\t<\/button>\n\t\t\t\t<\/div>\n\t\t\t<\/div>\n\t\t<\/form>\n\t\t\t\t\t\t<\/div>\n\t\t\t\t<\/div>\n\t\t\t\t<\/div>\n\t\t<div class=\"elementor-element elementor-element-a4c3110 e-con-full e-flex e-con e-child\" data-id=\"a4c3110\" data-element_type=\"container\" data-e-type=\"container\" data-settings=\"{&quot;background_background&quot;:&quot;classic&quot;}\">\n\t\t\t\t<div class=\"elementor-element elementor-element-cc6e930 elementor-align-justify elementor-widget elementor-widget-button\" data-id=\"cc6e930\" data-element_type=\"widget\" data-e-type=\"widget\" data-widget_type=\"button.default\">\n\t\t\t\t<div class=\"elementor-widget-container\">\n\t\t\t\t\t\t\t\t\t<div class=\"elementor-button-wrapper\">\n\t\t\t\t\t<a class=\"elementor-button elementor-button-link elementor-size-sm elementor-animation-grow\" href=\"https:\/\/frigdent.com\/fr\/dentisterie-esthetique\/\">\n\t\t\t\t\t\t<span class=\"elementor-button-content-wrapper\">\n\t\t\t\t\t\t\t\t\t<span class=\"elementor-button-text\">Dentisterie esth\u00e9tique<\/span>\n\t\t\t\t\t<\/span>\n\t\t\t\t\t<\/a>\n\t\t\t\t<\/div>\n\t\t\t\t\t\t\t\t<\/div>\n\t\t\t\t<\/div>\n\t\t\t\t<div class=\"elementor-element elementor-element-6843ec0 elementor-align-justify elementor-widget elementor-widget-button\" data-id=\"6843ec0\" data-element_type=\"widget\" data-e-type=\"widget\" data-widget_type=\"button.default\">\n\t\t\t\t<div class=\"elementor-widget-container\">\n\t\t\t\t\t\t\t\t\t<div class=\"elementor-button-wrapper\">\n\t\t\t\t\t<a class=\"elementor-button elementor-button-link elementor-size-sm elementor-animation-grow\" href=\"https:\/\/frigdent.com\/fr\/esthetique-des-gencives\/\">\n\t\t\t\t\t\t<span class=\"elementor-button-content-wrapper\">\n\t\t\t\t\t\t\t\t\t<span class=\"elementor-button-text\">Esth\u00e9tique des gencives<\/span>\n\t\t\t\t\t<\/span>\n\t\t\t\t\t<\/a>\n\t\t\t\t<\/div>\n\t\t\t\t\t\t\t\t<\/div>\n\t\t\t\t<\/div>\n\t\t\t\t<div class=\"elementor-element elementor-element-fe29a0b elementor-align-justify elementor-widget elementor-widget-button\" data-id=\"fe29a0b\" data-element_type=\"widget\" data-e-type=\"widget\" data-widget_type=\"button.default\">\n\t\t\t\t<div class=\"elementor-widget-container\">\n\t\t\t\t\t\t\t\t\t<div class=\"elementor-button-wrapper\">\n\t\t\t\t\t<a class=\"elementor-button elementor-button-link elementor-size-sm elementor-animation-grow\" href=\"https:\/\/frigdent.com\/fr\/conception-de-sourire\/\">\n\t\t\t\t\t\t<span class=\"elementor-button-content-wrapper\">\n\t\t\t\t\t\t\t\t\t<span class=\"elementor-button-text\">Conception de sourire<\/span>\n\t\t\t\t\t<\/span>\n\t\t\t\t\t<\/a>\n\t\t\t\t<\/div>\n\t\t\t\t\t\t\t\t<\/div>\n\t\t\t\t<\/div>\n\t\t\t\t<div class=\"elementor-element elementor-element-4038cba elementor-align-justify elementor-widget elementor-widget-button\" data-id=\"4038cba\" data-element_type=\"widget\" data-e-type=\"widget\" data-widget_type=\"button.default\">\n\t\t\t\t<div class=\"elementor-widget-container\">\n\t\t\t\t\t\t\t\t\t<div class=\"elementor-button-wrapper\">\n\t\t\t\t\t<a class=\"elementor-button elementor-button-link elementor-size-sm elementor-animation-grow\" href=\"https:\/\/frigdent.com\/fr\/technologie-de-remplissage\/\">\n\t\t\t\t\t\t<span class=\"elementor-button-content-wrapper\">\n\t\t\t\t\t\t\t\t\t<span class=\"elementor-button-text\">Technologie de remplissage<\/span>\n\t\t\t\t\t<\/span>\n\t\t\t\t\t<\/a>\n\t\t\t\t<\/div>\n\t\t\t\t\t\t\t\t<\/div>\n\t\t\t\t<\/div>\n\t\t\t\t<div class=\"elementor-element elementor-element-d591ecd elementor-align-justify elementor-widget elementor-widget-button\" data-id=\"d591ecd\" data-element_type=\"widget\" data-e-type=\"widget\" data-widget_type=\"button.default\">\n\t\t\t\t<div class=\"elementor-widget-container\">\n\t\t\t\t\t\t\t\t\t<div class=\"elementor-button-wrapper\">\n\t\t\t\t\t<a class=\"elementor-button elementor-button-link elementor-size-sm elementor-animation-grow\" href=\"https:\/\/frigdent.com\/fr\/feuille-de-porcelaine\/\">\n\t\t\t\t\t\t<span class=\"elementor-button-content-wrapper\">\n\t\t\t\t\t\t\t\t\t<span class=\"elementor-button-text\">Feuille de porcelaine<\/span>\n\t\t\t\t\t<\/span>\n\t\t\t\t\t<\/a>\n\t\t\t\t<\/div>\n\t\t\t\t\t\t\t\t<\/div>\n\t\t\t\t<\/div>\n\t\t\t\t<div class=\"elementor-element elementor-element-b951a25 elementor-align-justify elementor-widget elementor-widget-button\" data-id=\"b951a25\" data-element_type=\"widget\" data-e-type=\"widget\" data-widget_type=\"button.default\">\n\t\t\t\t<div class=\"elementor-widget-container\">\n\t\t\t\t\t\t\t\t\t<div class=\"elementor-button-wrapper\">\n\t\t\t\t\t<a class=\"elementor-button elementor-button-link elementor-size-sm elementor-animation-grow\" href=\"https:\/\/frigdent.com\/fr\/obturation-en-ceramique\/\">\n\t\t\t\t\t\t<span class=\"elementor-button-content-wrapper\">\n\t\t\t\t\t\t\t\t\t<span class=\"elementor-button-text\">Obturation en c\u00e9ramique<\/span>\n\t\t\t\t\t<\/span>\n\t\t\t\t\t<\/a>\n\t\t\t\t<\/div>\n\t\t\t\t\t\t\t\t<\/div>\n\t\t\t\t<\/div>\n\t\t\t\t<div class=\"elementor-element elementor-element-b048abb elementor-align-justify elementor-widget elementor-widget-button\" data-id=\"b048abb\" data-element_type=\"widget\" data-e-type=\"widget\" data-widget_type=\"button.default\">\n\t\t\t\t<div class=\"elementor-widget-container\">\n\t\t\t\t\t\t\t\t\t<div class=\"elementor-button-wrapper\">\n\t\t\t\t\t<a class=\"elementor-button elementor-button-link elementor-size-sm elementor-animation-grow\" href=\"https:\/\/frigdent.com\/fr\/traitement-implantaire\/\">\n\t\t\t\t\t\t<span class=\"elementor-button-content-wrapper\">\n\t\t\t\t\t\t\t\t\t<span class=\"elementor-button-text\">Traitement implantaire<\/span>\n\t\t\t\t\t<\/span>\n\t\t\t\t\t<\/a>\n\t\t\t\t<\/div>\n\t\t\t\t\t\t\t\t<\/div>\n\t\t\t\t<\/div>\n\t\t\t\t<\/div>\n\t\t\t\t<\/div>\n\t\t\t\t\t<\/div>\n\t\t\t\t<\/div>\n\t\t<div class=\"elementor-element elementor-element-5f72452 e-flex e-con-boxed e-con e-parent\" data-id=\"5f72452\" data-element_type=\"container\" data-e-type=\"container\">\n\t\t\t\t\t<div class=\"e-con-inner\">\n\t\t\t\t<div class=\"elementor-element elementor-element-d78fd60 elementor-widget elementor-widget-spacer\" data-id=\"d78fd60\" data-element_type=\"widget\" data-e-type=\"widget\" data-widget_type=\"spacer.default\">\n\t\t\t\t<div class=\"elementor-widget-container\">\n\t\t\t\t\t\t\t<div class=\"elementor-spacer\">\n\t\t\t<div class=\"elementor-spacer-inner\"><\/div>\n\t\t<\/div>\n\t\t\t\t\t\t<\/div>\n\t\t\t\t<\/div>\n\t\t\t\t\t<\/div>\n\t\t\t\t<\/div>\n\t\t\t\t<\/div>\n\t\t","protected":false},"excerpt":{"rendered":"<p>Les obturations en c\u00e9ramique sont des mat\u00e9riaux d&rsquo;obturation esth\u00e9tiques utilis\u00e9s pour r\u00e9parer les zones cari\u00e9es, cass\u00e9es ou endommag\u00e9es des dents. Elles offrent un aspect esth\u00e9tique gr\u00e2ce \u00e0 leur couleur naturelle. Quels sont les proc\u00e9d\u00e9s d&rsquo;obturation en c\u00e9ramique&nbsp;? Le proc\u00e9d\u00e9 d&rsquo;obturation en c\u00e9ramique comprend g\u00e9n\u00e9ralement les \u00e9tapes suivantes&nbsp;: Pr\u00e9paration&nbsp;: Le dentiste nettoie et pr\u00e9pare la zone [&hellip;]<\/p>\n","protected":false},"author":1,"featured_media":0,"parent":0,"menu_order":0,"comment_status":"closed","ping_status":"closed","template":"","meta":{"footnotes":""},"class_list":["post-2499","page","type-page","status-publish","hentry"],"_links":{"self":[{"href":"https:\/\/frigdent.com\/fr\/wp-json\/wp\/v2\/pages\/2499","targetHints":{"allow":["GET"]}}],"collection":[{"href":"https:\/\/frigdent.com\/fr\/wp-json\/wp\/v2\/pages"}],"about":[{"href":"https:\/\/frigdent.com\/fr\/wp-json\/wp\/v2\/types\/page"}],"author":[{"embeddable":true,"href":"https:\/\/frigdent.com\/fr\/wp-json\/wp\/v2\/users\/1"}],"replies":[{"embeddable":true,"href":"https:\/\/frigdent.com\/fr\/wp-json\/wp\/v2\/comments?post=2499"}],"version-history":[{"count":6,"href":"https:\/\/frigdent.com\/fr\/wp-json\/wp\/v2\/pages\/2499\/revisions"}],"predecessor-version":[{"id":2874,"href":"https:\/\/frigdent.com\/fr\/wp-json\/wp\/v2\/pages\/2499\/revisions\/2874"}],"wp:attachment":[{"href":"https:\/\/frigdent.com\/fr\/wp-json\/wp\/v2\/media?parent=2499"}],"curies":[{"name":"wp","href":"https:\/\/api.w.org\/{rel}","templated":true}]}}