{"id":2460,"date":"2025-04-07T16:27:27","date_gmt":"2025-04-07T16:27:27","guid":{"rendered":"https:\/\/frigdent.com\/nos-medecins\/"},"modified":"2025-10-02T22:09:44","modified_gmt":"2025-10-02T22:09:44","slug":"nos-medecins","status":"publish","type":"page","link":"https:\/\/frigdent.com\/fr\/nos-medecins\/","title":{"rendered":"Nos m\u00e9decins"},"content":{"rendered":"\t\t<div data-elementor-type=\"wp-page\" data-elementor-id=\"2460\" class=\"elementor elementor-2460\" data-elementor-post-type=\"page\">\n\t\t\t\t<div class=\"elementor-element elementor-element-7a479be e-grid e-con-boxed e-con e-parent\" data-id=\"7a479be\" data-element_type=\"container\" data-e-type=\"container\">\n\t\t\t\t\t<div class=\"e-con-inner\">\n\t\t\t\t<div class=\"elementor-element elementor-element-949f986 elementor-widget elementor-widget-image\" data-id=\"949f986\" data-element_type=\"widget\" data-e-type=\"widget\" data-widget_type=\"image.default\">\n\t\t\t\t<div class=\"elementor-widget-container\">\n\t\t\t\t\t\t\t\t\t\t\t\t\t\t\t<img fetchpriority=\"high\" decoding=\"async\" width=\"800\" height=\"885\" src=\"https:\/\/frigdent.com\/wp-content\/uploads\/2025\/04\/baran-bardakci-scaled-e1686742432276-926x1024.webp\" class=\"attachment-large size-large wp-image-314\" alt=\"\" srcset=\"https:\/\/frigdent.com\/wp-content\/uploads\/2025\/04\/baran-bardakci-scaled-e1686742432276-926x1024.webp 926w, https:\/\/frigdent.com\/wp-content\/uploads\/2025\/04\/baran-bardakci-scaled-e1686742432276-271x300.webp 271w, https:\/\/frigdent.com\/wp-content\/uploads\/2025\/04\/baran-bardakci-scaled-e1686742432276-768x850.webp 768w, https:\/\/frigdent.com\/wp-content\/uploads\/2025\/04\/baran-bardakci-scaled-e1686742432276-1388x1536.webp 1388w, https:\/\/frigdent.com\/wp-content\/uploads\/2025\/04\/baran-bardakci-scaled-e1686742432276.webp 1440w\" sizes=\"(max-width: 800px) 100vw, 800px\" \/>\t\t\t\t\t\t\t\t\t\t\t\t\t\t\t<\/div>\n\t\t\t\t<\/div>\n\t\t<div class=\"elementor-element elementor-element-03a2c60 e-con-full e-flex e-con e-child\" data-id=\"03a2c60\" data-element_type=\"container\" data-e-type=\"container\">\n\t\t\t\t<div class=\"elementor-element elementor-element-4292237 elementor-widget elementor-widget-heading\" data-id=\"4292237\" data-element_type=\"widget\" data-e-type=\"widget\" data-widget_type=\"heading.default\">\n\t\t\t\t<div class=\"elementor-widget-container\">\n\t\t\t\t\t<h2 class=\"elementor-heading-title elementor-size-default\">Qui est le docteur Baran Bardakc\u0131 ?<\/h2>\t\t\t\t<\/div>\n\t\t\t\t<\/div>\n\t\t\t\t<div class=\"elementor-element elementor-element-3af2dc4 elementor-widget elementor-widget-text-editor\" data-id=\"3af2dc4\" data-element_type=\"widget\" data-e-type=\"widget\" data-widget_type=\"text-editor.default\">\n\t\t\t\t<div class=\"elementor-widget-container\">\n\t\t\t\t\t\t\t\t\t<p>N\u00e9 \u00e0 Eski\u015fehir en 1983, il a termin\u00e9 ses \u00e9tudes primaires \u00e0 l&rsquo;\u00e9cole primaire de justice d&rsquo;Eski\u015fehir, puis a obtenu son dipl\u00f4me du lyc\u00e9e anatolien d&rsquo;Eski\u015fehir en 2001. Il a \u00e9tudi\u00e9 \u00e0 la facult\u00e9 de m\u00e9decine dentaire de l&rsquo;universit\u00e9 Samsun 19 May\u0131s de 2001 \u00e0 2007, o\u00f9 il a obtenu son dipl\u00f4me. Il s&rsquo;est perfectionn\u00e9 en chirurgie buccale en participant \u00e0 de nombreux cours, congr\u00e8s et symposiums d\u00e8s ses premi\u00e8res ann\u00e9es d&rsquo;\u00e9tudes.<\/p>\n<p>Il a travaill\u00e9 dans son propre h\u00f4pital dentaire et dans la fonction publique de 2011 \u00e0 2020. il travaille \u00e0 la polyclinique dentaire Frig Dent avec son associ\u00e9e, le docteur Ay\u015feg\u00fcl Bardakc\u0131.<\/p>\t\t\t\t\t\t\t\t<\/div>\n\t\t\t\t<\/div>\n\t\t\t\t<div class=\"elementor-element elementor-element-96a15ee elementor-widget elementor-widget-gallery\" data-id=\"96a15ee\" data-element_type=\"widget\" data-e-type=\"widget\" data-settings=\"{&quot;lazyload&quot;:&quot;yes&quot;,&quot;gallery_layout&quot;:&quot;grid&quot;,&quot;columns&quot;:4,&quot;columns_tablet&quot;:2,&quot;columns_mobile&quot;:1,&quot;gap&quot;:{&quot;unit&quot;:&quot;px&quot;,&quot;size&quot;:10,&quot;sizes&quot;:[]},&quot;gap_tablet&quot;:{&quot;unit&quot;:&quot;px&quot;,&quot;size&quot;:10,&quot;sizes&quot;:[]},&quot;gap_mobile&quot;:{&quot;unit&quot;:&quot;px&quot;,&quot;size&quot;:10,&quot;sizes&quot;:[]},&quot;link_to&quot;:&quot;file&quot;,&quot;aspect_ratio&quot;:&quot;3:2&quot;,&quot;overlay_background&quot;:&quot;yes&quot;,&quot;content_hover_animation&quot;:&quot;fade-in&quot;}\" data-widget_type=\"gallery.default\">\n\t\t\t\t<div class=\"elementor-widget-container\">\n\t\t\t\t\t\t\t<div class=\"elementor-gallery__container\">\n\t\t\t\t\t\t\t<a class=\"e-gallery-item elementor-gallery-item elementor-animated-content\" href=\"https:\/\/frigdent.com\/wp-content\/uploads\/2025\/04\/6.jpg\" data-elementor-open-lightbox=\"yes\" data-elementor-lightbox-slideshow=\"96a15ee\" data-elementor-lightbox-title=\"6\" data-e-action-hash=\"#elementor-action%3Aaction%3Dlightbox%26settings%3DeyJpZCI6MzIyLCJ1cmwiOiJodHRwczpcL1wvZnJpZ2RlbnQuY29tXC93cC1jb250ZW50XC91cGxvYWRzXC8yMDI1XC8wNFwvNi5qcGciLCJzbGlkZXNob3ciOiI5NmExNWVlIn0%3D\">\n\t\t\t\t\t<div class=\"e-gallery-image elementor-gallery-item__image\" data-thumbnail=\"https:\/\/frigdent.com\/wp-content\/uploads\/2025\/04\/6-300x300.jpg\" data-width=\"300\" data-height=\"300\" aria-label=\"\" role=\"img\" ><\/div>\n\t\t\t\t\t\t\t\t\t\t\t<div class=\"elementor-gallery-item__overlay\"><\/div>\n\t\t\t\t\t\t\t\t\t\t\t\t\t\t<\/a>\n\t\t\t\t\t\t\t<a class=\"e-gallery-item elementor-gallery-item elementor-animated-content\" href=\"https:\/\/frigdent.com\/wp-content\/uploads\/2025\/04\/1-1.jpg\" data-elementor-open-lightbox=\"yes\" data-elementor-lightbox-slideshow=\"96a15ee\" data-elementor-lightbox-title=\"1 (1)\" data-e-action-hash=\"#elementor-action%3Aaction%3Dlightbox%26settings%3DeyJpZCI6MzIxLCJ1cmwiOiJodHRwczpcL1wvZnJpZ2RlbnQuY29tXC93cC1jb250ZW50XC91cGxvYWRzXC8yMDI1XC8wNFwvMS0xLmpwZyIsInNsaWRlc2hvdyI6Ijk2YTE1ZWUifQ%3D%3D\">\n\t\t\t\t\t<div class=\"e-gallery-image elementor-gallery-item__image\" data-thumbnail=\"https:\/\/frigdent.com\/wp-content\/uploads\/2025\/04\/1-1-300x300.jpg\" data-width=\"300\" data-height=\"300\" aria-label=\"\" role=\"img\" ><\/div>\n\t\t\t\t\t\t\t\t\t\t\t<div class=\"elementor-gallery-item__overlay\"><\/div>\n\t\t\t\t\t\t\t\t\t\t\t\t\t\t<\/a>\n\t\t\t\t\t\t\t<a class=\"e-gallery-item elementor-gallery-item elementor-animated-content\" href=\"https:\/\/frigdent.com\/wp-content\/uploads\/2025\/04\/7.jpg\" data-elementor-open-lightbox=\"yes\" data-elementor-lightbox-slideshow=\"96a15ee\" data-elementor-lightbox-title=\"7\" data-e-action-hash=\"#elementor-action%3Aaction%3Dlightbox%26settings%3DeyJpZCI6MzIwLCJ1cmwiOiJodHRwczpcL1wvZnJpZ2RlbnQuY29tXC93cC1jb250ZW50XC91cGxvYWRzXC8yMDI1XC8wNFwvNy5qcGciLCJzbGlkZXNob3ciOiI5NmExNWVlIn0%3D\">\n\t\t\t\t\t<div class=\"e-gallery-image elementor-gallery-item__image\" data-thumbnail=\"https:\/\/frigdent.com\/wp-content\/uploads\/2025\/04\/7-300x300.jpg\" data-width=\"300\" data-height=\"300\" aria-label=\"\" role=\"img\" ><\/div>\n\t\t\t\t\t\t\t\t\t\t\t<div class=\"elementor-gallery-item__overlay\"><\/div>\n\t\t\t\t\t\t\t\t\t\t\t\t\t\t<\/a>\n\t\t\t\t\t\t\t<a class=\"e-gallery-item elementor-gallery-item elementor-animated-content\" href=\"https:\/\/frigdent.com\/wp-content\/uploads\/2025\/04\/3-1.jpg\" data-elementor-open-lightbox=\"yes\" data-elementor-lightbox-slideshow=\"96a15ee\" data-elementor-lightbox-title=\"3-1\" data-e-action-hash=\"#elementor-action%3Aaction%3Dlightbox%26settings%3DeyJpZCI6MzE5LCJ1cmwiOiJodHRwczpcL1wvZnJpZ2RlbnQuY29tXC93cC1jb250ZW50XC91cGxvYWRzXC8yMDI1XC8wNFwvMy0xLmpwZyIsInNsaWRlc2hvdyI6Ijk2YTE1ZWUifQ%3D%3D\">\n\t\t\t\t\t<div class=\"e-gallery-image elementor-gallery-item__image\" data-thumbnail=\"https:\/\/frigdent.com\/wp-content\/uploads\/2025\/04\/3-1-300x300.jpg\" data-width=\"300\" data-height=\"300\" aria-label=\"\" role=\"img\" ><\/div>\n\t\t\t\t\t\t\t\t\t\t\t<div class=\"elementor-gallery-item__overlay\"><\/div>\n\t\t\t\t\t\t\t\t\t\t\t\t\t\t<\/a>\n\t\t\t\t\t\t\t<a class=\"e-gallery-item elementor-gallery-item elementor-animated-content\" href=\"https:\/\/frigdent.com\/wp-content\/uploads\/2025\/04\/4.jpg\" data-elementor-open-lightbox=\"yes\" data-elementor-lightbox-slideshow=\"96a15ee\" data-elementor-lightbox-title=\"4\" data-e-action-hash=\"#elementor-action%3Aaction%3Dlightbox%26settings%3DeyJpZCI6MzE4LCJ1cmwiOiJodHRwczpcL1wvZnJpZ2RlbnQuY29tXC93cC1jb250ZW50XC91cGxvYWRzXC8yMDI1XC8wNFwvNC5qcGciLCJzbGlkZXNob3ciOiI5NmExNWVlIn0%3D\">\n\t\t\t\t\t<div class=\"e-gallery-image elementor-gallery-item__image\" data-thumbnail=\"https:\/\/frigdent.com\/wp-content\/uploads\/2025\/04\/4-300x300.jpg\" data-width=\"300\" data-height=\"300\" aria-label=\"\" role=\"img\" ><\/div>\n\t\t\t\t\t\t\t\t\t\t\t<div class=\"elementor-gallery-item__overlay\"><\/div>\n\t\t\t\t\t\t\t\t\t\t\t\t\t\t<\/a>\n\t\t\t\t\t\t\t<a class=\"e-gallery-item elementor-gallery-item elementor-animated-content\" href=\"https:\/\/frigdent.com\/wp-content\/uploads\/2025\/04\/2-1.jpg\" data-elementor-open-lightbox=\"yes\" data-elementor-lightbox-slideshow=\"96a15ee\" data-elementor-lightbox-title=\"2 (1)\" data-e-action-hash=\"#elementor-action%3Aaction%3Dlightbox%26settings%3DeyJpZCI6MzE3LCJ1cmwiOiJodHRwczpcL1wvZnJpZ2RlbnQuY29tXC93cC1jb250ZW50XC91cGxvYWRzXC8yMDI1XC8wNFwvMi0xLmpwZyIsInNsaWRlc2hvdyI6Ijk2YTE1ZWUifQ%3D%3D\">\n\t\t\t\t\t<div class=\"e-gallery-image elementor-gallery-item__image\" data-thumbnail=\"https:\/\/frigdent.com\/wp-content\/uploads\/2025\/04\/2-1-300x300.jpg\" data-width=\"300\" data-height=\"300\" aria-label=\"\" role=\"img\" ><\/div>\n\t\t\t\t\t\t\t\t\t\t\t<div class=\"elementor-gallery-item__overlay\"><\/div>\n\t\t\t\t\t\t\t\t\t\t\t\t\t\t<\/a>\n\t\t\t\t\t\t\t<a class=\"e-gallery-item elementor-gallery-item elementor-animated-content\" href=\"https:\/\/frigdent.com\/wp-content\/uploads\/2025\/04\/5.jpg\" data-elementor-open-lightbox=\"yes\" data-elementor-lightbox-slideshow=\"96a15ee\" data-elementor-lightbox-title=\"5\" data-e-action-hash=\"#elementor-action%3Aaction%3Dlightbox%26settings%3DeyJpZCI6MzE2LCJ1cmwiOiJodHRwczpcL1wvZnJpZ2RlbnQuY29tXC93cC1jb250ZW50XC91cGxvYWRzXC8yMDI1XC8wNFwvNS5qcGciLCJzbGlkZXNob3ciOiI5NmExNWVlIn0%3D\">\n\t\t\t\t\t<div class=\"e-gallery-image elementor-gallery-item__image\" data-thumbnail=\"https:\/\/frigdent.com\/wp-content\/uploads\/2025\/04\/5-300x300.jpg\" data-width=\"300\" data-height=\"300\" aria-label=\"\" role=\"img\" ><\/div>\n\t\t\t\t\t\t\t\t\t\t\t<div class=\"elementor-gallery-item__overlay\"><\/div>\n\t\t\t\t\t\t\t\t\t\t\t\t\t\t<\/a>\n\t\t\t\t\t<\/div>\n\t\t\t\t\t<\/div>\n\t\t\t\t<\/div>\n\t\t\t\t<\/div>\n\t\t\t\t\t<\/div>\n\t\t\t\t<\/div>\n\t\t<div class=\"elementor-element elementor-element-4ffba05 e-flex e-con-boxed e-con e-parent\" data-id=\"4ffba05\" data-element_type=\"container\" data-e-type=\"container\">\n\t\t\t\t\t<div class=\"e-con-inner\">\n\t\t\t\t<div class=\"elementor-element elementor-element-1f44dd5 elementor-widget elementor-widget-spacer\" data-id=\"1f44dd5\" data-element_type=\"widget\" data-e-type=\"widget\" data-widget_type=\"spacer.default\">\n\t\t\t\t<div class=\"elementor-widget-container\">\n\t\t\t\t\t\t\t<div class=\"elementor-spacer\">\n\t\t\t<div class=\"elementor-spacer-inner\"><\/div>\n\t\t<\/div>\n\t\t\t\t\t\t<\/div>\n\t\t\t\t<\/div>\n\t\t\t\t\t<\/div>\n\t\t\t\t<\/div>\n\t\t<div class=\"elementor-element elementor-element-ff4e02e e-grid e-con-boxed e-con e-parent\" data-id=\"ff4e02e\" data-element_type=\"container\" data-e-type=\"container\">\n\t\t\t\t\t<div class=\"e-con-inner\">\n\t\t<div class=\"elementor-element elementor-element-9d792ca e-con-full e-flex e-con e-child\" data-id=\"9d792ca\" data-element_type=\"container\" data-e-type=\"container\">\n\t\t\t\t<div class=\"elementor-element elementor-element-af5f6e0 elementor-widget elementor-widget-heading\" data-id=\"af5f6e0\" data-element_type=\"widget\" data-e-type=\"widget\" data-widget_type=\"heading.default\">\n\t\t\t\t<div class=\"elementor-widget-container\">\n\t\t\t\t\t<h2 class=\"elementor-heading-title elementor-size-default\">Qui est Dt. Ay\u015feg\u00fcl Bardakci?<\/h2>\t\t\t\t<\/div>\n\t\t\t\t<\/div>\n\t\t\t\t<div class=\"elementor-element elementor-element-ef1e0db elementor-widget elementor-widget-text-editor\" data-id=\"ef1e0db\" data-element_type=\"widget\" data-e-type=\"widget\" data-widget_type=\"text-editor.default\">\n\t\t\t\t<div class=\"elementor-widget-container\">\n\t\t\t\t\t\t\t\t\t<p>N\u00e9e \u00e0 Eski\u015fehir en 1984, elle a termin\u00e9 ses \u00e9tudes primaires \u00e0 l\u2019\u00e9cole primaire \u015eeker d\u2019Eski\u015fehir, puis est dipl\u00f4m\u00e9e du lyc\u00e9e Fatih Anatolian. elle a \u00e9tudi\u00e9 \u00e0 la facult\u00e9 de m\u00e9decine dentaire de l\u2019universit\u00e9 Samsun 19 May\u0131s de 2002 \u00e0 2007, o\u00f9 elle a obtenu son dipl\u00f4me.<\/p><p>Elle a travaill\u00e9 \u00e0 l\u2019h\u00f4pital dentaire priv\u00e9 OldCity et \u00e0 l\u2019h\u00f4pital Ac\u0131badem d\u2019Eski\u015fehir de 2015 \u00e0 2017. Elle travaille actuellement \u00e0 la polyclinique de sant\u00e9 bucco-dentaire Frig Dent avec son associ\u00e9, le docteur Baran Bardakc\u0131.<\/p><p>Il a travaill\u00e9 dans son propre h\u00f4pital dentaire de 2011 \u00e0 2020, dans la fonction publique. Il travaille actuellement \u00e0 la polyclinique de sant\u00e9 bucco-dentaire Frig Dent avec son associ\u00e9, le docteur Ay\u015feg\u00fcl Bardakc\u0131.<\/p>\t\t\t\t\t\t\t\t<\/div>\n\t\t\t\t<\/div>\n\t\t\t\t<div class=\"elementor-element elementor-element-72271e6 elementor-widget elementor-widget-gallery\" data-id=\"72271e6\" data-element_type=\"widget\" data-e-type=\"widget\" data-settings=\"{&quot;lazyload&quot;:&quot;yes&quot;,&quot;gallery_layout&quot;:&quot;grid&quot;,&quot;columns&quot;:4,&quot;columns_tablet&quot;:2,&quot;columns_mobile&quot;:1,&quot;gap&quot;:{&quot;unit&quot;:&quot;px&quot;,&quot;size&quot;:10,&quot;sizes&quot;:[]},&quot;gap_tablet&quot;:{&quot;unit&quot;:&quot;px&quot;,&quot;size&quot;:10,&quot;sizes&quot;:[]},&quot;gap_mobile&quot;:{&quot;unit&quot;:&quot;px&quot;,&quot;size&quot;:10,&quot;sizes&quot;:[]},&quot;link_to&quot;:&quot;file&quot;,&quot;aspect_ratio&quot;:&quot;3:2&quot;,&quot;overlay_background&quot;:&quot;yes&quot;,&quot;content_hover_animation&quot;:&quot;fade-in&quot;}\" data-widget_type=\"gallery.default\">\n\t\t\t\t<div class=\"elementor-widget-container\">\n\t\t\t\t\t\t\t<div class=\"elementor-gallery__container\">\n\t\t\t\t\t\t\t<a class=\"e-gallery-item elementor-gallery-item elementor-animated-content\" href=\"https:\/\/frigdent.com\/wp-content\/uploads\/2025\/04\/4-1.jpg\" data-elementor-open-lightbox=\"yes\" data-elementor-lightbox-slideshow=\"72271e6\" data-elementor-lightbox-title=\"4-1\" data-e-action-hash=\"#elementor-action%3Aaction%3Dlightbox%26settings%3DeyJpZCI6MzMwLCJ1cmwiOiJodHRwczpcL1wvZnJpZ2RlbnQuY29tXC93cC1jb250ZW50XC91cGxvYWRzXC8yMDI1XC8wNFwvNC0xLmpwZyIsInNsaWRlc2hvdyI6IjcyMjcxZTYifQ%3D%3D\">\n\t\t\t\t\t<div class=\"e-gallery-image elementor-gallery-item__image\" data-thumbnail=\"https:\/\/frigdent.com\/wp-content\/uploads\/2025\/04\/4-1-300x300.jpg\" data-width=\"300\" data-height=\"300\" aria-label=\"\" role=\"img\" ><\/div>\n\t\t\t\t\t\t\t\t\t\t\t<div class=\"elementor-gallery-item__overlay\"><\/div>\n\t\t\t\t\t\t\t\t\t\t\t\t\t\t<\/a>\n\t\t\t\t\t\t\t<a class=\"e-gallery-item elementor-gallery-item elementor-animated-content\" href=\"https:\/\/frigdent.com\/wp-content\/uploads\/2025\/04\/7-1.jpg\" data-elementor-open-lightbox=\"yes\" data-elementor-lightbox-slideshow=\"72271e6\" data-elementor-lightbox-title=\"7-1\" data-e-action-hash=\"#elementor-action%3Aaction%3Dlightbox%26settings%3DeyJpZCI6MzI5LCJ1cmwiOiJodHRwczpcL1wvZnJpZ2RlbnQuY29tXC93cC1jb250ZW50XC91cGxvYWRzXC8yMDI1XC8wNFwvNy0xLmpwZyIsInNsaWRlc2hvdyI6IjcyMjcxZTYifQ%3D%3D\">\n\t\t\t\t\t<div class=\"e-gallery-image elementor-gallery-item__image\" data-thumbnail=\"https:\/\/frigdent.com\/wp-content\/uploads\/2025\/04\/7-1-300x300.jpg\" data-width=\"300\" data-height=\"300\" aria-label=\"\" role=\"img\" ><\/div>\n\t\t\t\t\t\t\t\t\t\t\t<div class=\"elementor-gallery-item__overlay\"><\/div>\n\t\t\t\t\t\t\t\t\t\t\t\t\t\t<\/a>\n\t\t\t\t\t\t\t<a class=\"e-gallery-item elementor-gallery-item elementor-animated-content\" href=\"https:\/\/frigdent.com\/wp-content\/uploads\/2025\/04\/5-1.jpg\" data-elementor-open-lightbox=\"yes\" data-elementor-lightbox-slideshow=\"72271e6\" data-elementor-lightbox-title=\"5-1\" data-e-action-hash=\"#elementor-action%3Aaction%3Dlightbox%26settings%3DeyJpZCI6MzI4LCJ1cmwiOiJodHRwczpcL1wvZnJpZ2RlbnQuY29tXC93cC1jb250ZW50XC91cGxvYWRzXC8yMDI1XC8wNFwvNS0xLmpwZyIsInNsaWRlc2hvdyI6IjcyMjcxZTYifQ%3D%3D\">\n\t\t\t\t\t<div class=\"e-gallery-image elementor-gallery-item__image\" data-thumbnail=\"https:\/\/frigdent.com\/wp-content\/uploads\/2025\/04\/5-1-300x300.jpg\" data-width=\"300\" data-height=\"300\" aria-label=\"\" role=\"img\" ><\/div>\n\t\t\t\t\t\t\t\t\t\t\t<div class=\"elementor-gallery-item__overlay\"><\/div>\n\t\t\t\t\t\t\t\t\t\t\t\t\t\t<\/a>\n\t\t\t\t\t\t\t<a class=\"e-gallery-item elementor-gallery-item elementor-animated-content\" href=\"https:\/\/frigdent.com\/wp-content\/uploads\/2025\/04\/2-1-1.jpg\" data-elementor-open-lightbox=\"yes\" data-elementor-lightbox-slideshow=\"72271e6\" data-elementor-lightbox-title=\"2-1\" data-e-action-hash=\"#elementor-action%3Aaction%3Dlightbox%26settings%3DeyJpZCI6MzI2LCJ1cmwiOiJodHRwczpcL1wvZnJpZ2RlbnQuY29tXC93cC1jb250ZW50XC91cGxvYWRzXC8yMDI1XC8wNFwvMi0xLTEuanBnIiwic2xpZGVzaG93IjoiNzIyNzFlNiJ9\">\n\t\t\t\t\t<div class=\"e-gallery-image elementor-gallery-item__image\" data-thumbnail=\"https:\/\/frigdent.com\/wp-content\/uploads\/2025\/04\/2-1-1-300x300.jpg\" data-width=\"300\" data-height=\"300\" aria-label=\"\" role=\"img\" ><\/div>\n\t\t\t\t\t\t\t\t\t\t\t<div class=\"elementor-gallery-item__overlay\"><\/div>\n\t\t\t\t\t\t\t\t\t\t\t\t\t\t<\/a>\n\t\t\t\t\t\t\t<a class=\"e-gallery-item elementor-gallery-item elementor-animated-content\" href=\"https:\/\/frigdent.com\/wp-content\/uploads\/2025\/04\/1-1-1.jpg\" data-elementor-open-lightbox=\"yes\" data-elementor-lightbox-slideshow=\"72271e6\" data-elementor-lightbox-title=\"1-1\" data-e-action-hash=\"#elementor-action%3Aaction%3Dlightbox%26settings%3DeyJpZCI6MzI1LCJ1cmwiOiJodHRwczpcL1wvZnJpZ2RlbnQuY29tXC93cC1jb250ZW50XC91cGxvYWRzXC8yMDI1XC8wNFwvMS0xLTEuanBnIiwic2xpZGVzaG93IjoiNzIyNzFlNiJ9\">\n\t\t\t\t\t<div class=\"e-gallery-image elementor-gallery-item__image\" data-thumbnail=\"https:\/\/frigdent.com\/wp-content\/uploads\/2025\/04\/1-1-1-300x300.jpg\" data-width=\"300\" data-height=\"300\" aria-label=\"\" role=\"img\" ><\/div>\n\t\t\t\t\t\t\t\t\t\t\t<div class=\"elementor-gallery-item__overlay\"><\/div>\n\t\t\t\t\t\t\t\t\t\t\t\t\t\t<\/a>\n\t\t\t\t\t\t\t<a class=\"e-gallery-item elementor-gallery-item elementor-animated-content\" href=\"https:\/\/frigdent.com\/wp-content\/uploads\/2025\/04\/3-2.jpg\" data-elementor-open-lightbox=\"yes\" data-elementor-lightbox-slideshow=\"72271e6\" data-elementor-lightbox-title=\"3-2\" data-e-action-hash=\"#elementor-action%3Aaction%3Dlightbox%26settings%3DeyJpZCI6MzI0LCJ1cmwiOiJodHRwczpcL1wvZnJpZ2RlbnQuY29tXC93cC1jb250ZW50XC91cGxvYWRzXC8yMDI1XC8wNFwvMy0yLmpwZyIsInNsaWRlc2hvdyI6IjcyMjcxZTYifQ%3D%3D\">\n\t\t\t\t\t<div class=\"e-gallery-image elementor-gallery-item__image\" data-thumbnail=\"https:\/\/frigdent.com\/wp-content\/uploads\/2025\/04\/3-2-300x300.jpg\" data-width=\"300\" data-height=\"300\" aria-label=\"\" role=\"img\" ><\/div>\n\t\t\t\t\t\t\t\t\t\t\t<div class=\"elementor-gallery-item__overlay\"><\/div>\n\t\t\t\t\t\t\t\t\t\t\t\t\t\t<\/a>\n\t\t\t\t\t<\/div>\n\t\t\t\t\t<\/div>\n\t\t\t\t<\/div>\n\t\t\t\t<\/div>\n\t\t\t\t<div class=\"elementor-element elementor-element-37f1373 elementor-widget elementor-widget-image\" data-id=\"37f1373\" data-element_type=\"widget\" data-e-type=\"widget\" data-widget_type=\"image.default\">\n\t\t\t\t<div class=\"elementor-widget-container\">\n\t\t\t\t\t\t\t\t\t\t\t\t\t\t\t<img decoding=\"async\" width=\"800\" height=\"850\" src=\"https:\/\/frigdent.com\/wp-content\/uploads\/2025\/04\/aysegul-bardakci-scaled-e1686742779933-964x1024.webp\" class=\"attachment-large size-large wp-image-323\" alt=\"\" srcset=\"https:\/\/frigdent.com\/wp-content\/uploads\/2025\/04\/aysegul-bardakci-scaled-e1686742779933-964x1024.webp 964w, https:\/\/frigdent.com\/wp-content\/uploads\/2025\/04\/aysegul-bardakci-scaled-e1686742779933-283x300.webp 283w, https:\/\/frigdent.com\/wp-content\/uploads\/2025\/04\/aysegul-bardakci-scaled-e1686742779933-768x815.webp 768w, https:\/\/frigdent.com\/wp-content\/uploads\/2025\/04\/aysegul-bardakci-scaled-e1686742779933.webp 1440w\" sizes=\"(max-width: 800px) 100vw, 800px\" \/>\t\t\t\t\t\t\t\t\t\t\t\t\t\t\t<\/div>\n\t\t\t\t<\/div>\n\t\t\t\t\t<\/div>\n\t\t\t\t<\/div>\n\t\t\t\t<\/div>\n\t\t","protected":false},"excerpt":{"rendered":"<p>Qui est le docteur Baran Bardakc\u0131 ? N\u00e9 \u00e0 Eski\u015fehir en 1983, il a termin\u00e9 ses \u00e9tudes primaires \u00e0 l&rsquo;\u00e9cole primaire de justice d&rsquo;Eski\u015fehir, puis a obtenu son dipl\u00f4me du lyc\u00e9e anatolien d&rsquo;Eski\u015fehir en 2001. Il a \u00e9tudi\u00e9 \u00e0 la facult\u00e9 de m\u00e9decine dentaire de l&rsquo;universit\u00e9 Samsun 19 May\u0131s de 2001 \u00e0 2007, o\u00f9 il [&hellip;]<\/p>\n","protected":false},"author":1,"featured_media":0,"parent":0,"menu_order":0,"comment_status":"closed","ping_status":"closed","template":"","meta":{"footnotes":""},"class_list":["post-2460","page","type-page","status-publish","hentry"],"_links":{"self":[{"href":"https:\/\/frigdent.com\/fr\/wp-json\/wp\/v2\/pages\/2460","targetHints":{"allow":["GET"]}}],"collection":[{"href":"https:\/\/frigdent.com\/fr\/wp-json\/wp\/v2\/pages"}],"about":[{"href":"https:\/\/frigdent.com\/fr\/wp-json\/wp\/v2\/types\/page"}],"author":[{"embeddable":true,"href":"https:\/\/frigdent.com\/fr\/wp-json\/wp\/v2\/users\/1"}],"replies":[{"embeddable":true,"href":"https:\/\/frigdent.com\/fr\/wp-json\/wp\/v2\/comments?post=2460"}],"version-history":[{"count":7,"href":"https:\/\/frigdent.com\/fr\/wp-json\/wp\/v2\/pages\/2460\/revisions"}],"predecessor-version":[{"id":5057,"href":"https:\/\/frigdent.com\/fr\/wp-json\/wp\/v2\/pages\/2460\/revisions\/5057"}],"wp:attachment":[{"href":"https:\/\/frigdent.com\/fr\/wp-json\/wp\/v2\/media?parent=2460"}],"curies":[{"name":"wp","href":"https:\/\/api.w.org\/{rel}","templated":true}]}}