{"id":1385,"date":"2025-04-07T16:48:42","date_gmt":"2025-04-07T16:48:42","guid":{"rendered":"https:\/\/saatall.com\/dis-eti-cekilmesi\/"},"modified":"2025-06-13T16:59:36","modified_gmt":"2025-06-13T16:59:36","slug":"zahnfleischrueckgang","status":"publish","type":"page","link":"https:\/\/frigdent.com\/de\/zahnfleischrueckgang\/","title":{"rendered":"Zahnfleischr\u00fcckgang"},"content":{"rendered":"\t\t<div data-elementor-type=\"wp-page\" data-elementor-id=\"1385\" class=\"elementor elementor-1385\" data-elementor-post-type=\"page\">\n\t\t\t\t<div class=\"elementor-element elementor-element-3bc03a4 e-flex e-con-boxed e-con e-parent\" data-id=\"3bc03a4\" data-element_type=\"container\" data-e-type=\"container\" data-settings=\"{&quot;background_background&quot;:&quot;classic&quot;}\">\n\t\t\t\t\t<div class=\"e-con-inner\">\n\t\t\t\t\t<\/div>\n\t\t\t\t<\/div>\n\t\t<div class=\"elementor-element elementor-element-41ccb88 e-flex e-con-boxed e-con e-parent\" data-id=\"41ccb88\" data-element_type=\"container\" data-e-type=\"container\">\n\t\t\t\t\t<div class=\"e-con-inner\">\n\t\t<div class=\"elementor-element elementor-element-cd71120 e-con-full e-flex e-con e-child\" data-id=\"cd71120\" data-element_type=\"container\" data-e-type=\"container\">\n\t\t\t\t<div class=\"elementor-element elementor-element-18c6d32 elementor-widget elementor-widget-image\" data-id=\"18c6d32\" data-element_type=\"widget\" data-e-type=\"widget\" data-widget_type=\"image.default\">\n\t\t\t\t<div class=\"elementor-widget-container\">\n\t\t\t\t\t\t\t\t\t\t\t\t\t\t\t<img fetchpriority=\"high\" decoding=\"async\" width=\"800\" height=\"450\" src=\"https:\/\/frigdent.com\/wp-content\/uploads\/2025\/04\/dis-eti-cekilmesi-scaled-y-2048x1152-1-1024x576.webp\" class=\"attachment-large size-large wp-image-430\" alt=\"\" srcset=\"https:\/\/frigdent.com\/wp-content\/uploads\/2025\/04\/dis-eti-cekilmesi-scaled-y-2048x1152-1-1024x576.webp 1024w, https:\/\/frigdent.com\/wp-content\/uploads\/2025\/04\/dis-eti-cekilmesi-scaled-y-2048x1152-1-300x169.webp 300w, https:\/\/frigdent.com\/wp-content\/uploads\/2025\/04\/dis-eti-cekilmesi-scaled-y-2048x1152-1-768x432.webp 768w, https:\/\/frigdent.com\/wp-content\/uploads\/2025\/04\/dis-eti-cekilmesi-scaled-y-2048x1152-1-1536x864.webp 1536w, https:\/\/frigdent.com\/wp-content\/uploads\/2025\/04\/dis-eti-cekilmesi-scaled-y-2048x1152-1.webp 2048w\" sizes=\"(max-width: 800px) 100vw, 800px\" \/>\t\t\t\t\t\t\t\t\t\t\t\t\t\t\t<\/div>\n\t\t\t\t<\/div>\n\t\t\t\t<div class=\"elementor-element elementor-element-50a5f50 elementor-widget elementor-widget-text-editor\" data-id=\"50a5f50\" data-element_type=\"widget\" data-e-type=\"widget\" data-widget_type=\"text-editor.default\">\n\t\t\t\t<div class=\"elementor-widget-container\">\n\t\t\t\t\t\t\t\t\t<p>Zahnfleischr\u00fcckgang ist der R\u00fcckgang des Zahnfleischgewebes von den Zahnwurzeln. Durch Zahnfleischr\u00fcckgang werden die empfindlichen Bereiche der Z\u00e4hne freigelegt und das Zahnfleischgewebe d\u00fcnner. Dadurch k\u00f6nnen die Z\u00e4hne l\u00e4nger erscheinen und der Zahnfleischsaum unregelm\u00e4\u00dfig werden.<\/p><p><b>Was sind die Ursachen f\u00fcr Zahnfleischr\u00fcckgang?<\/b><\/p><p><b>Hier sind einige Ursachen und Risikofaktoren f\u00fcr Zahnfleischr\u00fcckgang:<\/b><\/p><p>Parodontitis: Die h\u00e4ufigste Ursache f\u00fcr Zahnfleischr\u00fcckgang ist Parodontitis. Infektionen wie Gingivitis (Zahnfleischentz\u00fcndung) und Parodontitis (Zahnfleischerkrankung) k\u00f6nnen das Zahnfleisch sch\u00e4digen und zum R\u00fcckgang f\u00fchren.<\/p><p>\u00dcberm\u00e4\u00dfiges Z\u00e4hneputzen: Falsches oder zu kr\u00e4ftiges Z\u00e4hneputzen kann das Zahnfleisch sch\u00e4digen und zum R\u00fcckgang f\u00fchren. Z\u00e4hneputzen ist wichtig, aber zu festes oder falsches Putzen kann das Zahnfleisch sch\u00e4digen.<\/p><p>Z\u00e4hneknirschen und -pressen (Bruxismus): Z\u00e4hneknirschen und -pressen kann \u00fcberm\u00e4\u00dfigen Druck auf das Zahnfleisch aus\u00fcben und mit der Zeit zu Zahnfleischr\u00fcckgang f\u00fchren.<\/p><p>Genetische Faktoren: Manche Menschen haben eine genetische Veranlagung zu d\u00fcnnerem oder empfindlicherem Zahnfleisch, was das Risiko von Zahnfleischr\u00fcckgang erh\u00f6hen kann.<\/p><p>Rauchen: Rauchen kann sich negativ auf die Gesundheit des Zahnfleisches auswirken und das Risiko von Zahnfleischr\u00fcckgang erh\u00f6hen.<\/p><p><b>Warum sollte Zahnfleischr\u00fcckgang behandelt werden?<\/b><\/p><p>Zahnfleischr\u00fcckgang ist eine Erkrankung, die behandelt werden muss, da in fortgeschrittenen F\u00e4llen die Zahnwurzeln freiliegen, was zu erh\u00f6hter Zahnempfindlichkeit und einem erh\u00f6hten Zahnverlustrisiko f\u00fchrt. Behandlungsm\u00f6glichkeiten bei Zahnfleischr\u00fcckgang k\u00f6nnen sein:<\/p><p>Professionelle Zahnreinigung: Ein Zahnarzt oder eine Dentalhygienikerin reinigt Ihr Zahnfleisch und Ihre Zahnoberfl\u00e4chen professionell, um Zahnfleischr\u00fcckgang vorzubeugen oder zu stoppen.<\/p><p>Gingivatransplantation: Zahnfleischgewebe kann mit Allografts (Gewebe einer anderen Person) oder Ihrem eigenen Gewebe wieder aufgebaut werden, um Bereiche zu ersetzen, in denen Zahnfleischgewebe verloren gegangen ist.<\/p><p>Parodontalchirurgie: In fortgeschrittenen F\u00e4llen kann eine Parodontalchirurgie zur Behandlung von Zahnfleischr\u00fcckgang erforderlich sein.<\/p>\t\t\t\t\t\t\t\t<\/div>\n\t\t\t\t<\/div>\n\t\t\t\t<\/div>\n\t\t<div class=\"elementor-element elementor-element-6b781c4 e-con-full e-flex e-con e-child\" data-id=\"6b781c4\" data-element_type=\"container\" data-e-type=\"container\">\n\t\t<div class=\"elementor-element elementor-element-13b3fce e-con-full e-flex e-con e-child\" data-id=\"13b3fce\" data-element_type=\"container\" data-e-type=\"container\" data-settings=\"{&quot;background_background&quot;:&quot;classic&quot;}\">\n\t\t\t\t<div class=\"elementor-element elementor-element-de842c8 elementor-widget__width-initial elementor-widget elementor-widget-heading\" data-id=\"de842c8\" data-element_type=\"widget\" data-e-type=\"widget\" data-widget_type=\"heading.default\">\n\t\t\t\t<div class=\"elementor-widget-container\">\n\t\t\t\t\t<h2 class=\"elementor-heading-title elementor-size-default\">Wenden Sie sich an einen Experten<\/h2>\t\t\t\t<\/div>\n\t\t\t\t<\/div>\n\t\t\t\t<div class=\"elementor-element elementor-element-a0d672d elementor-button-align-stretch elementor-widget elementor-widget-form\" data-id=\"a0d672d\" data-element_type=\"widget\" data-e-type=\"widget\" data-settings=\"{&quot;step_next_label&quot;:&quot;Next&quot;,&quot;step_previous_label&quot;:&quot;Previous&quot;,&quot;button_width&quot;:&quot;100&quot;,&quot;step_type&quot;:&quot;number_text&quot;,&quot;step_icon_shape&quot;:&quot;circle&quot;}\" data-widget_type=\"form.default\">\n\t\t\t\t<div class=\"elementor-widget-container\">\n\t\t\t\t\t\t\t<form class=\"elementor-form\" method=\"post\" name=\"New Form\" aria-label=\"New Form\">\n\t\t\t<input type=\"hidden\" name=\"post_id\" value=\"1385\"\/>\n\t\t\t<input type=\"hidden\" name=\"form_id\" value=\"a0d672d\"\/>\n\t\t\t<input type=\"hidden\" name=\"referer_title\" value=\"Zahnfleischr\u00fcckgang - Frigdent\" \/>\n\n\t\t\t\t\t\t\t<input type=\"hidden\" name=\"queried_id\" value=\"1385\"\/>\n\t\t\t\n\t\t\t<div class=\"elementor-form-fields-wrapper elementor-labels-above\">\n\t\t\t\t\t\t\t\t<div class=\"elementor-field-type-text elementor-field-group elementor-column elementor-field-group-name elementor-col-100\">\n\t\t\t\t\t\t\t\t\t\t\t\t\t<input size=\"1\" type=\"text\" name=\"form_fields[name]\" id=\"form-field-name\" class=\"elementor-field elementor-size-sm  elementor-field-textual\" placeholder=\"Ihr Vor- und Nachname\">\n\t\t\t\t\t\t\t\t\t\t\t<\/div>\n\t\t\t\t\t\t\t\t<div class=\"elementor-field-type-tel elementor-field-group elementor-column elementor-field-group-email elementor-col-100 elementor-field-required\">\n\t\t\t\t\t\t\t<input size=\"1\" type=\"tel\" name=\"form_fields[email]\" id=\"form-field-email\" class=\"elementor-field elementor-size-sm  elementor-field-textual\" placeholder=\"Ihre Telefonnummer\" required=\"required\" pattern=\"[0-9()#&amp;+*-=.]+\" title=\"Only numbers and phone characters (#, -, *, etc) are accepted.\">\n\n\t\t\t\t\t\t<\/div>\n\t\t\t\t\t\t\t\t<div class=\"elementor-field-type-textarea elementor-field-group elementor-column elementor-field-group-message elementor-col-100\">\n\t\t\t\t\t<textarea class=\"elementor-field-textual elementor-field  elementor-size-sm\" name=\"form_fields[message]\" id=\"form-field-message\" rows=\"4\" placeholder=\"Ihre Nachricht\"><\/textarea>\t\t\t\t<\/div>\n\t\t\t\t\t\t\t\t<div class=\"elementor-field-group elementor-column elementor-field-type-submit elementor-col-100 e-form__buttons\">\n\t\t\t\t\t<button class=\"elementor-button elementor-size-sm\" type=\"submit\">\n\t\t\t\t\t\t<span class=\"elementor-button-content-wrapper\">\n\t\t\t\t\t\t\t\t\t\t\t\t\t\t\t\t\t\t\t\t\t\t<span class=\"elementor-button-text\">Formular senden<\/span>\n\t\t\t\t\t\t\t\t\t\t\t\t\t<\/span>\n\t\t\t\t\t<\/button>\n\t\t\t\t<\/div>\n\t\t\t<\/div>\n\t\t<\/form>\n\t\t\t\t\t\t<\/div>\n\t\t\t\t<\/div>\n\t\t\t\t<\/div>\n\t\t<div class=\"elementor-element elementor-element-09cb393 e-con-full e-flex e-con e-child\" data-id=\"09cb393\" data-element_type=\"container\" data-e-type=\"container\" data-settings=\"{&quot;background_background&quot;:&quot;classic&quot;}\">\n\t\t\t\t<div class=\"elementor-element elementor-element-e2b45c5 elementor-align-justify elementor-widget elementor-widget-button\" data-id=\"e2b45c5\" data-element_type=\"widget\" data-e-type=\"widget\" data-widget_type=\"button.default\">\n\t\t\t\t<div class=\"elementor-widget-container\">\n\t\t\t\t\t\t\t\t\t<div class=\"elementor-button-wrapper\">\n\t\t\t\t\t<a class=\"elementor-button elementor-button-link elementor-size-sm elementor-animation-grow\" href=\"https:\/\/frigdent.com\/de\/aesthetische-zahnheilkunde\/\">\n\t\t\t\t\t\t<span class=\"elementor-button-content-wrapper\">\n\t\t\t\t\t\t\t\t\t<span class=\"elementor-button-text\">\u00c4sthetische Zahnheilkunde<\/span>\n\t\t\t\t\t<\/span>\n\t\t\t\t\t<\/a>\n\t\t\t\t<\/div>\n\t\t\t\t\t\t\t\t<\/div>\n\t\t\t\t<\/div>\n\t\t\t\t<div class=\"elementor-element elementor-element-837668d elementor-align-justify elementor-widget elementor-widget-button\" data-id=\"837668d\" data-element_type=\"widget\" data-e-type=\"widget\" data-widget_type=\"button.default\">\n\t\t\t\t<div class=\"elementor-widget-container\">\n\t\t\t\t\t\t\t\t\t<div class=\"elementor-button-wrapper\">\n\t\t\t\t\t<a class=\"elementor-button elementor-button-link elementor-size-sm elementor-animation-grow\" href=\"https:\/\/frigdent.com\/de\/zahnfleischaesthetik\/\">\n\t\t\t\t\t\t<span class=\"elementor-button-content-wrapper\">\n\t\t\t\t\t\t\t\t\t<span class=\"elementor-button-text\">Zahnfleisch\u00e4sthetik<\/span>\n\t\t\t\t\t<\/span>\n\t\t\t\t\t<\/a>\n\t\t\t\t<\/div>\n\t\t\t\t\t\t\t\t<\/div>\n\t\t\t\t<\/div>\n\t\t\t\t<div class=\"elementor-element elementor-element-12fc58e elementor-align-justify elementor-widget elementor-widget-button\" data-id=\"12fc58e\" data-element_type=\"widget\" data-e-type=\"widget\" data-widget_type=\"button.default\">\n\t\t\t\t<div class=\"elementor-widget-container\">\n\t\t\t\t\t\t\t\t\t<div class=\"elementor-button-wrapper\">\n\t\t\t\t\t<a class=\"elementor-button elementor-button-link elementor-size-sm elementor-animation-grow\" href=\"https:\/\/frigdent.com\/de\/laecheln-design\/\">\n\t\t\t\t\t\t<span class=\"elementor-button-content-wrapper\">\n\t\t\t\t\t\t\t\t\t<span class=\"elementor-button-text\">L\u00e4cheln-Design<\/span>\n\t\t\t\t\t<\/span>\n\t\t\t\t\t<\/a>\n\t\t\t\t<\/div>\n\t\t\t\t\t\t\t\t<\/div>\n\t\t\t\t<\/div>\n\t\t\t\t<div class=\"elementor-element elementor-element-d241aa8 elementor-align-justify elementor-widget elementor-widget-button\" data-id=\"d241aa8\" data-element_type=\"widget\" data-e-type=\"widget\" data-widget_type=\"button.default\">\n\t\t\t\t<div class=\"elementor-widget-container\">\n\t\t\t\t\t\t\t\t\t<div class=\"elementor-button-wrapper\">\n\t\t\t\t\t<a class=\"elementor-button elementor-button-link elementor-size-sm elementor-animation-grow\" href=\"https:\/\/frigdent.com\/de\/abfuelltechnik\/\">\n\t\t\t\t\t\t<span class=\"elementor-button-content-wrapper\">\n\t\t\t\t\t\t\t\t\t<span class=\"elementor-button-text\">Abf\u00fclltechnik<\/span>\n\t\t\t\t\t<\/span>\n\t\t\t\t\t<\/a>\n\t\t\t\t<\/div>\n\t\t\t\t\t\t\t\t<\/div>\n\t\t\t\t<\/div>\n\t\t\t\t<div class=\"elementor-element elementor-element-75c8eb6 elementor-align-justify elementor-widget elementor-widget-button\" data-id=\"75c8eb6\" data-element_type=\"widget\" data-e-type=\"widget\" data-widget_type=\"button.default\">\n\t\t\t\t<div class=\"elementor-widget-container\">\n\t\t\t\t\t\t\t\t\t<div class=\"elementor-button-wrapper\">\n\t\t\t\t\t<a class=\"elementor-button elementor-button-link elementor-size-sm elementor-animation-grow\" href=\"https:\/\/frigdent.com\/de\/blattporzellan\/\">\n\t\t\t\t\t\t<span class=\"elementor-button-content-wrapper\">\n\t\t\t\t\t\t\t\t\t<span class=\"elementor-button-text\">Blattporzellan<\/span>\n\t\t\t\t\t<\/span>\n\t\t\t\t\t<\/a>\n\t\t\t\t<\/div>\n\t\t\t\t\t\t\t\t<\/div>\n\t\t\t\t<\/div>\n\t\t\t\t<div class=\"elementor-element elementor-element-133b696 elementor-align-justify elementor-widget elementor-widget-button\" data-id=\"133b696\" data-element_type=\"widget\" data-e-type=\"widget\" data-widget_type=\"button.default\">\n\t\t\t\t<div class=\"elementor-widget-container\">\n\t\t\t\t\t\t\t\t\t<div class=\"elementor-button-wrapper\">\n\t\t\t\t\t<a class=\"elementor-button elementor-button-link elementor-size-sm elementor-animation-grow\" href=\"https:\/\/frigdent.com\/de\/keramikfuellung\/\">\n\t\t\t\t\t\t<span class=\"elementor-button-content-wrapper\">\n\t\t\t\t\t\t\t\t\t<span class=\"elementor-button-text\">Keramikf\u00fcllung<\/span>\n\t\t\t\t\t<\/span>\n\t\t\t\t\t<\/a>\n\t\t\t\t<\/div>\n\t\t\t\t\t\t\t\t<\/div>\n\t\t\t\t<\/div>\n\t\t\t\t<div class=\"elementor-element elementor-element-8278c1c elementor-align-justify elementor-widget elementor-widget-button\" data-id=\"8278c1c\" data-element_type=\"widget\" data-e-type=\"widget\" data-widget_type=\"button.default\">\n\t\t\t\t<div class=\"elementor-widget-container\">\n\t\t\t\t\t\t\t\t\t<div class=\"elementor-button-wrapper\">\n\t\t\t\t\t<a class=\"elementor-button elementor-button-link elementor-size-sm elementor-animation-grow\" href=\"https:\/\/frigdent.com\/de\/implantatbehandlung\/\">\n\t\t\t\t\t\t<span class=\"elementor-button-content-wrapper\">\n\t\t\t\t\t\t\t\t\t<span class=\"elementor-button-text\">Implantatbehandlung<\/span>\n\t\t\t\t\t<\/span>\n\t\t\t\t\t<\/a>\n\t\t\t\t<\/div>\n\t\t\t\t\t\t\t\t<\/div>\n\t\t\t\t<\/div>\n\t\t\t\t<\/div>\n\t\t\t\t<\/div>\n\t\t\t\t\t<\/div>\n\t\t\t\t<\/div>\n\t\t<div class=\"elementor-element elementor-element-eb6899a e-flex e-con-boxed e-con e-parent\" data-id=\"eb6899a\" data-element_type=\"container\" data-e-type=\"container\">\n\t\t\t\t\t<div class=\"e-con-inner\">\n\t\t\t\t<div class=\"elementor-element elementor-element-45a394d elementor-widget elementor-widget-spacer\" data-id=\"45a394d\" data-element_type=\"widget\" data-e-type=\"widget\" data-widget_type=\"spacer.default\">\n\t\t\t\t<div class=\"elementor-widget-container\">\n\t\t\t\t\t\t\t<div class=\"elementor-spacer\">\n\t\t\t<div class=\"elementor-spacer-inner\"><\/div>\n\t\t<\/div>\n\t\t\t\t\t\t<\/div>\n\t\t\t\t<\/div>\n\t\t\t\t\t<\/div>\n\t\t\t\t<\/div>\n\t\t\t\t<\/div>\n\t\t","protected":false},"excerpt":{"rendered":"<p>Zahnfleischr\u00fcckgang ist der R\u00fcckgang des Zahnfleischgewebes von den Zahnwurzeln. Durch Zahnfleischr\u00fcckgang werden die empfindlichen Bereiche der Z\u00e4hne freigelegt und das Zahnfleischgewebe d\u00fcnner. Dadurch k\u00f6nnen die Z\u00e4hne l\u00e4nger erscheinen und der Zahnfleischsaum unregelm\u00e4\u00dfig werden. Was sind die Ursachen f\u00fcr Zahnfleischr\u00fcckgang? Hier sind einige Ursachen und Risikofaktoren f\u00fcr Zahnfleischr\u00fcckgang: Parodontitis: Die h\u00e4ufigste Ursache f\u00fcr Zahnfleischr\u00fcckgang ist Parodontitis. [&hellip;]<\/p>\n","protected":false},"author":1,"featured_media":0,"parent":0,"menu_order":0,"comment_status":"closed","ping_status":"closed","template":"","meta":{"footnotes":""},"class_list":["post-1385","page","type-page","status-publish","hentry"],"_links":{"self":[{"href":"https:\/\/frigdent.com\/de\/wp-json\/wp\/v2\/pages\/1385","targetHints":{"allow":["GET"]}}],"collection":[{"href":"https:\/\/frigdent.com\/de\/wp-json\/wp\/v2\/pages"}],"about":[{"href":"https:\/\/frigdent.com\/de\/wp-json\/wp\/v2\/types\/page"}],"author":[{"embeddable":true,"href":"https:\/\/frigdent.com\/de\/wp-json\/wp\/v2\/users\/1"}],"replies":[{"embeddable":true,"href":"https:\/\/frigdent.com\/de\/wp-json\/wp\/v2\/comments?post=1385"}],"version-history":[{"count":6,"href":"https:\/\/frigdent.com\/de\/wp-json\/wp\/v2\/pages\/1385\/revisions"}],"predecessor-version":[{"id":2780,"href":"https:\/\/frigdent.com\/de\/wp-json\/wp\/v2\/pages\/1385\/revisions\/2780"}],"wp:attachment":[{"href":"https:\/\/frigdent.com\/de\/wp-json\/wp\/v2\/media?parent=1385"}],"curies":[{"name":"wp","href":"https:\/\/api.w.org\/{rel}","templated":true}]}}